{"id":3560,"date":"2018-05-25T15:49:28","date_gmt":"2018-05-25T15:49:28","guid":{"rendered":"http:\/\/chipichop.com\/?post_type=product&#038;p=3560"},"modified":"2022-05-31T21:38:22","modified_gmt":"2022-05-31T21:38:22","slug":"chipi-video-felicitacion","status":"publish","type":"product","link":"https:\/\/chipichop.com\/en\/product\/chipi-video-felicitacion","title":{"rendered":"ChipiVideo Personalizado de Felicitaci\u00f3n"},"content":{"rendered":"<p><strong>Los precios son desde 45 \u20ac y el precio variar\u00e1 dependiendo del tiempo del mismo.<\/strong><\/p>\n<div class=\"wp-block-cover has-background-dim\" style=\"background-image: url('http:\/\/chipichop.com\/wp-content\/uploads\/2021\/02\/Screen-Shot-2021-02-18-at-23.25.06.png'); background-position: 90% 4%;\">\n<div class=\"wp-block-cover__inner-container\">\n<h1 class=\"has-text-align-center\"><span class=\"has-inline-color\" style=\"color: #ffffff;\"><br \/>\nRellena este Formulario y nos pondremos en contacto lo antes posible<\/span><\/h1>\n<p>&nbsp;<\/p>\n\n<div class=\"wpcf7 no-js\" id=\"wpcf7-f1516-o1\" lang=\"en-US\" dir=\"ltr\" data-wpcf7-id=\"1516\">\n<div class=\"screen-reader-response\"><p role=\"status\" aria-live=\"polite\" aria-atomic=\"true\"><\/p> <ul><\/ul><\/div>\n<form action=\"\/en\/wp-json\/wp\/v2\/product\/3560#wpcf7-f1516-o1\" method=\"post\" class=\"wpcf7-form init\" aria-label=\"Contact form\" novalidate=\"novalidate\" data-status=\"init\" data-trp-original-action=\"\/en\/wp-json\/wp\/v2\/product\/3560#wpcf7-f1516-o1\">\n<fieldset class=\"hidden-fields-container\"><input type=\"hidden\" name=\"_wpcf7\" value=\"1516\" \/><input type=\"hidden\" name=\"_wpcf7_version\" value=\"6.1.4\" \/><input type=\"hidden\" name=\"_wpcf7_locale\" value=\"en_US\" \/><input type=\"hidden\" name=\"_wpcf7_unit_tag\" value=\"wpcf7-f1516-o1\" \/><input type=\"hidden\" name=\"_wpcf7_container_post\" value=\"0\" \/><input type=\"hidden\" name=\"_wpcf7_posted_data_hash\" value=\"\" \/>\n<\/fieldset>\n<div class=\"one-half\">\n\t<p><label><br \/>\n<\/label>\n\t<\/p>\n\t<h3><span class=\"has-inline-color\" style=\"color: #ffffff;\"><br \/>\nNombre<\/span>\n\t<\/h3>\n\t<p><span class=\"wpcf7-form-control-wrap\" data-name=\"nombre\"><input size=\"40\" maxlength=\"400\" class=\"wpcf7-form-control wpcf7-text\" id=\"nombre\" aria-invalid=\"false\" value=\"\" type=\"text\" name=\"nombre\" \/><\/span>\n\t<\/p>\n<\/div>\n<div class=\"one-half last\">\n\t<p><label><br \/>\n<\/label>\n\t<\/p>\n\t<h3><span class=\"has-inline-color\" style=\"color: #ffffff;\"><br \/>\nE-Mail<\/span>\n\t<\/h3>\n\t<p><span class=\"wpcf7-form-control-wrap\" data-name=\"email\"><input size=\"40\" maxlength=\"400\" class=\"wpcf7-form-control wpcf7-email wpcf7-text wpcf7-validates-as-email\" id=\"email\" aria-invalid=\"false\" value=\"\" type=\"email\" name=\"email\" \/><\/span>\n\t<\/p>\n<\/div>\n<div class=\"one-half\">\n\t<p><label><br \/>\n<\/label>\n\t<\/p>\n\t<h3><span class=\"has-inline-color\" style=\"color: #ffffff;\"><br \/>\nFecha de la celebraci\u00f3n<\/span>\n\t<\/h3>\n\t<p><span class=\"wpcf7-form-control-wrap\" data-name=\"fecha\"><input size=\"40\" maxlength=\"400\" class=\"wpcf7-form-control wpcf7-text\" id=\"fecha\" aria-invalid=\"false\" value=\"\" type=\"text\" name=\"fecha\" \/><\/span>\n\t<\/p>\n<\/div>\n<div class=\"one-half last\">\n\t<p><label><br \/>\n<\/label>\n\t<\/p>\n\t<h3><span class=\"has-inline-color\" style=\"color: #ffffff;\"><br \/>\nNumero de ni\u00f1os aprox<\/span>\n\t<\/h3>\n\t<p><span class=\"wpcf7-form-control-wrap\" data-name=\"asistentes\"><input size=\"40\" maxlength=\"400\" class=\"wpcf7-form-control wpcf7-text\" id=\"numeronios\" aria-invalid=\"false\" value=\"\" type=\"text\" name=\"asistentes\" \/><\/span>\n\t<\/p>\n<\/div>\n<div class=\"one-half\">\n\t<p><label><br \/>\n<\/label>\n\t<\/p>\n\t<h3><span class=\"has-inline-color\" style=\"color: #ffffff;\"><br \/>\nTelefono<\/span>\n\t<\/h3>\n\t<p><span class=\"wpcf7-form-control-wrap\" data-name=\"telefono\"><input size=\"40\" maxlength=\"400\" class=\"wpcf7-form-control wpcf7-tel wpcf7-text wpcf7-validates-as-tel\" id=\"telefono\" aria-invalid=\"false\" value=\"\" type=\"tel\" name=\"telefono\" \/><\/span>\n\t<\/p>\n<\/div>\n<div class=\"one-half last\">\n\t<p><label><br \/>\n<\/label>\n\t<\/p>\n\t<h3><span class=\"has-inline-color\" style=\"color: #ffffff;\"><br \/>\nMunicipio<\/span>\n\t<\/h3>\n\t<p><span class=\"wpcf7-form-control-wrap\" data-name=\"municipio\"><input size=\"40\" maxlength=\"400\" class=\"wpcf7-form-control wpcf7-text\" id=\"municipio\" aria-invalid=\"false\" value=\"Municipio\" type=\"text\" name=\"municipio\" \/><\/span>\n\t<\/p>\n<\/div>\n<p><label> <\/label>\n<\/p>\n<h3><span class=\"has-inline-color\" style=\"color: #ffffff;\"><br \/>\nPreguntas, detalles, etc.<\/span>\n<\/h3>\n<p><span class=\"wpcf7-form-control-wrap\" data-name=\"mensaje\"><textarea cols=\"40\" rows=\"10\" maxlength=\"2000\" class=\"wpcf7-form-control wpcf7-textarea\" id=\"detalles\" aria-invalid=\"false\" name=\"mensaje\"><\/textarea><\/span>\n<\/p>\n<p>Tratamos sus datos con respeto y con el fin de respetar la nueva ley de protecci\u00f3n de datos solicito su autorizaci\u00f3n para ofrecerle informaci\u00f3n de productos y servicios relacionados con los solicitados en este formulario y fidelizarle como cliente. <span class=\"wpcf7-form-control-wrap\" data-name=\"checkbox-001\"><span class=\"wpcf7-form-control wpcf7-checkbox\"><span class=\"wpcf7-list-item first\"><input type=\"checkbox\" name=\"checkbox-001[]\" value=\"Si\" \/><span class=\"wpcf7-list-item-label\">Si<\/span><\/span><span class=\"wpcf7-list-item last\"><input type=\"checkbox\" name=\"checkbox-001[]\" value=\"No\" \/><span class=\"wpcf7-list-item-label\">No<\/span><\/span><\/span><\/span>Enviando este formulario aceptas haber le\u00eddo nuestra <a href=\"https:\/\/chipichop.com\/en\/aviso-legal-y-politica-de-privacidad\/\" target=\"_blank\">Pol\u00edtica de privacidad.<\/a>\n<\/p>\n<p><input class=\"wpcf7-form-control wpcf7-submit has-spinner\" id=\"enviar\" type=\"submit\" value=\"ENVIAR\" \/>\n<\/p><p style=\"display: none !important;\" class=\"akismet-fields-container\" data-prefix=\"_wpcf7_ak_\"><label>&#916;<textarea name=\"_wpcf7_ak_hp_textarea\" cols=\"45\" rows=\"8\" maxlength=\"100\"><\/textarea><\/label><input type=\"hidden\" id=\"ak_js_1\" name=\"_wpcf7_ak_js\" value=\"170\"\/><script>document.getElementById( \"ak_js_1\" ).setAttribute( \"value\", ( new Date() ).getTime() );<\/script><\/p><div class=\"wpcf7-response-output\" aria-hidden=\"true\"><\/div>\n<input type=\"hidden\" name=\"trp-form-language\" value=\"en\"\/><\/form>\n<\/div>\n\n<\/div>\n<\/div>\n<h2><\/h2>","protected":false},"excerpt":{"rendered":"<h2><span class=\"_5mfr _47e3\"><span class=\"_7oe\">\ud83d\udd0a\u00a0<\/span><\/span>Video Personalizado de Felicitaci\u00f3n con tu personaje favorito<\/h2>\n<p>Porque en Chipi Chop nos gusta pensar en todos vosotros, sobre todo en aquellos ni\u00f1@s que se quedan sin ver a su personaje favorito.<br \/>\nYa sabemos que vosotros mamas y papas vais de b\u00f3lido y a veces os pilla el tiempo y nosotros ya estamos ocupados para poder asistir a la fiesta de vuestr@ peque\u00a0<span class=\"_5mfr _47e3\"><img loading=\"lazy\" decoding=\"async\" class=\"img\" role=\"presentation\" src=\"https:\/\/static.xx.fbcdn.net\/images\/emoji.php\/v9\/f5\/1\/16\/1f382.png\" alt=\"\" width=\"16\" height=\"16\" \/><span class=\"_7oe\">\ud83c\udf82<\/span><\/span>\u00a0Y ya muchos de vosotros nos lo hab\u00e9is pedido&#8230;&#8230;<\/p>\n<div class=\"text_exposed_show\">\n<p><span class=\"_5mfr _47e3\"><img loading=\"lazy\" decoding=\"async\" class=\"img\" role=\"presentation\" src=\"https:\/\/static.xx.fbcdn.net\/images\/emoji.php\/v9\/fba\/1\/16\/1f4e3.png\" alt=\"\" width=\"16\" height=\"16\" \/><span class=\"_7oe\">\ud83d\udce3<\/span><\/span>Por ello a partir de hoy ofrecemos la posibilidad de que pod\u00e1is pedir vuestro Chipi v\u00eddeo\u00a0<span class=\"_5mfr _47e3\"><img loading=\"lazy\" decoding=\"async\" class=\"img\" role=\"presentation\" src=\"https:\/\/static.xx.fbcdn.net\/images\/emoji.php\/v9\/fff\/1\/16\/1f3a5.png\" alt=\"\" width=\"16\" height=\"16\" \/><span class=\"_7oe\">\ud83c\udfa5<\/span><\/span>\u00a0PERSONALIZADO en<br \/>\nalta calidad<span class=\"_5mfr _47e3\"><img loading=\"lazy\" decoding=\"async\" class=\"img\" role=\"presentation\" src=\"https:\/\/static.xx.fbcdn.net\/images\/emoji.php\/v9\/f60\/1\/16\/1f51d.png\" alt=\"\" width=\"16\" height=\"16\" \/><span class=\"_7oe\">\ud83d\udd1d<\/span><\/span>\u00a0y profesionalidad de edici\u00f3n\u00a0<span class=\"_5mfr _47e3\"><img loading=\"lazy\" decoding=\"async\" class=\"img\" role=\"presentation\" src=\"https:\/\/static.xx.fbcdn.net\/images\/emoji.php\/v9\/f57\/1\/16\/1f39e.png\" alt=\"\" width=\"16\" height=\"16\" \/><span class=\"_7oe\">\ud83c\udf9e<\/span><\/span>\u00a0<strong>Con vuestro personaje favorito.<\/strong><br \/>\n<span class=\"_5mfr _47e3\"><img loading=\"lazy\" decoding=\"async\" class=\"img\" role=\"presentation\" src=\"https:\/\/static.xx.fbcdn.net\/images\/emoji.php\/v9\/ff1\/1\/16\/1f537.png\" alt=\"\" width=\"16\" height=\"16\" \/><span class=\"_7oe\">\ud83d\udd37<\/span><\/span>Princesas, Super h\u00e9roes, Villanos y muchos m\u00e1s que quedan por llegar.<\/p>\n<p><span class=\"_5mfr _47e3\"><img loading=\"lazy\" decoding=\"async\" class=\"img\" role=\"presentation\" src=\"https:\/\/static.xx.fbcdn.net\/images\/emoji.php\/v9\/fc0\/1\/16\/1f4e9.png\" alt=\"\" width=\"16\" height=\"16\" \/><span class=\"_7oe\">\ud83d\udce9<\/span><\/span><span class=\"_5mfr _47e3\"><img loading=\"lazy\" decoding=\"async\" class=\"img\" role=\"presentation\" src=\"https:\/\/static.xx.fbcdn.net\/images\/emoji.php\/v9\/f22\/1\/16\/260e.png\" alt=\"\" width=\"16\" height=\"16\" \/><span class=\"_7oe\">\u260e<\/span><\/span>Puedes pedir informaci\u00f3n sin compromiso, te explicaremos con mas detalle en que consiste este divertido\u00a0<span class=\"_5mfr _47e3\"><img loading=\"lazy\" decoding=\"async\" class=\"img\" role=\"presentation\" src=\"https:\/\/static.xx.fbcdn.net\/images\/emoji.php\/v9\/fb\/1\/16\/1f388.png\" alt=\"\" width=\"16\" height=\"16\" \/><span class=\"_7oe\">\ud83c\udf88<\/span><\/span><span class=\"_5mfr _47e3\"><img loading=\"lazy\" decoding=\"async\" class=\"img\" role=\"presentation\" src=\"https:\/\/static.xx.fbcdn.net\/images\/emoji.php\/v9\/fb\/1\/16\/1f388.png\" alt=\"\" width=\"16\" height=\"16\" \/><span class=\"_7oe\">\ud83c\udf88<\/span><\/span>Chipi Video Personalizado<span class=\"_5mfr _47e3\"><img loading=\"lazy\" decoding=\"async\" class=\"img\" role=\"presentation\" src=\"https:\/\/static.xx.fbcdn.net\/images\/emoji.php\/v9\/f2d\/1\/16\/1f3ac.png\" alt=\"\" width=\"16\" height=\"16\" \/><span class=\"_7oe\">\ud83c\udfac\u00a0para que vuestr@ peque pueda al menos ver que su personaje favorito se acuerda de su cumple.<\/span><\/span><\/p>\n<p>Nos encanta formar parte de un d\u00eda tan especial y no queremos que te quedes sin tu mayor ilusi\u00f3n\u00a0<span class=\"_5mfr _47e3\"><img loading=\"lazy\" decoding=\"async\" class=\"img\" role=\"presentation\" src=\"https:\/\/static.xx.fbcdn.net\/images\/emoji.php\/v9\/fed\/1\/16\/1f4ab.png\" alt=\"\" width=\"16\" height=\"16\" \/><span class=\"_7oe\">\ud83d\udcab<\/span><\/span><br \/>\nDe una forma u otra intentamos cumplir todas vuestras peticiones.<span class=\"_5mfr _47e3\"><img loading=\"lazy\" decoding=\"async\" class=\"img\" role=\"presentation\" src=\"https:\/\/static.xx.fbcdn.net\/images\/emoji.php\/v9\/f19\/1\/16\/1f49f.png\" alt=\"\" width=\"16\" height=\"16\" \/><span class=\"_7oe\">\ud83d\udc9f<\/span><\/span><\/p>\n<p><strong>Precios:<br \/>\nSimple: 55 \u20ac &#8211; Ejemplo aqui<br \/>\nCon Croma y edicion de video: 95 \u20ac &#8211; Ejemplos aqu\u00ed<br \/>\nVideo Llamada\u00a0 en directo: 115 \u20ac &#8211; Ejemplo aqui<\/strong><\/p>\n<p><a class=\"_58cn\" href=\"https:\/\/www.facebook.com\/hashtag\/videopersonalizado?source=feed_text\" data-ft=\"{&quot;tn&quot;:&quot;*N&quot;,&quot;type&quot;:104}\"><span class=\"_5afx\"><span class=\"_58cl _5afz\" aria-label=\"numeral\">#<\/span><span class=\"_58cm\">videopersonalizado<\/span><\/span><\/a><br \/>\n<a class=\"_58cn\" href=\"https:\/\/www.facebook.com\/hashtag\/chipivideopersonalizado?source=feed_text\" data-ft=\"{&quot;tn&quot;:&quot;*N&quot;,&quot;type&quot;:104}\"><span class=\"_5afx\"><span class=\"_58cl _5afz\" aria-label=\"numeral\">#<\/span><span class=\"_58cm\">chipivideopersonalizado<\/span><\/span><\/a><br \/>\n<a class=\"_58cn\" href=\"https:\/\/www.facebook.com\/hashtag\/chipichopanimaciones?source=feed_text\" data-ft=\"{&quot;tn&quot;:&quot;*N&quot;,&quot;type&quot;:104}\"><span class=\"_5afx\"><span class=\"_58cl _5afz\" aria-label=\"numeral\">#<\/span><span class=\"_58cm\">chipichopanimaciones<\/span><\/span><\/a><br \/>\n<a class=\"_58cn\" href=\"https:\/\/www.facebook.com\/hashtag\/animacionesinfantiles?source=feed_text\" data-ft=\"{&quot;tn&quot;:&quot;*N&quot;,&quot;type&quot;:104}\"><span class=\"_5afx\"><span class=\"_58cl _5afz\" aria-label=\"numeral\">#<\/span><span class=\"_58cm\">animacionesinfantiles<\/span><\/span><\/a><br \/>\n<a class=\"_58cn\" href=\"https:\/\/www.facebook.com\/hashtag\/cumplea%C3%B1os?source=feed_text\" data-ft=\"{&quot;tn&quot;:&quot;*N&quot;,&quot;type&quot;:104}\"><span class=\"_5afx\"><span class=\"_58cl _5afz\" aria-label=\"numeral\">#<\/span><span class=\"_58cm\">cumplea\u00f1os<\/span><\/span><\/a><br \/>\n<a class=\"_58cn\" href=\"https:\/\/www.facebook.com\/hashtag\/personajes?source=feed_text\" data-ft=\"{&quot;tn&quot;:&quot;*N&quot;,&quot;type&quot;:104}\"><span class=\"_5afx\"><span class=\"_58cl _5afz\" aria-label=\"numeral\">#<\/span><span class=\"_58cm\">personajes<\/span><\/span><\/a><br \/>\n<a class=\"_58cn\" href=\"https:\/\/www.facebook.com\/hashtag\/somosmagia?source=feed_text\" data-ft=\"{&quot;tn&quot;:&quot;*N&quot;,&quot;type&quot;:104}\"><span class=\"_5afx\"><span class=\"_58cl _5afz\" aria-label=\"numeral\">#<\/span><span class=\"_58cm\">somosmagia<\/span><\/span><\/a><\/p>\n<\/div>","protected":false},"featured_media":3562,"template":"","meta":[],"product_cat":[49,50],"product_tag":[51],"class_list":{"0":"post-3560","1":"product","2":"type-product","3":"status-publish","4":"has-post-thumbnail","6":"product_cat-complemento","7":"product_cat-visitapersonajes","8":"product_tag-destacado","10":"first","11":"outofstock","12":"virtual","13":"sold-individually","14":"purchasable","15":"product-type-simple"},"jetpack_sharing_enabled":true,"jetpack_likes_enabled":true,"_links":{"self":[{"href":"https:\/\/chipichop.com\/en\/wp-json\/wp\/v2\/product\/3560","targetHints":{"allow":["GET"]}}],"collection":[{"href":"https:\/\/chipichop.com\/en\/wp-json\/wp\/v2\/product"}],"about":[{"href":"https:\/\/chipichop.com\/en\/wp-json\/wp\/v2\/types\/product"}],"wp:featuredmedia":[{"embeddable":true,"href":"https:\/\/chipichop.com\/en\/wp-json\/wp\/v2\/media\/3562"}],"wp:attachment":[{"href":"https:\/\/chipichop.com\/en\/wp-json\/wp\/v2\/media?parent=3560"}],"wp:term":[{"taxonomy":"product_cat","embeddable":true,"href":"https:\/\/chipichop.com\/en\/wp-json\/wp\/v2\/product_cat?post=3560"},{"taxonomy":"product_tag","embeddable":true,"href":"https:\/\/chipichop.com\/en\/wp-json\/wp\/v2\/product_tag?post=3560"}],"curies":[{"name":"wp","href":"https:\/\/api.w.org\/{rel}","templated":true}]}}