{"id":2540,"date":"2016-11-25T17:04:58","date_gmt":"2016-11-25T17:04:58","guid":{"rendered":"http:\/\/animacionesinfantilesmallorca.com\/?page_id=2540"},"modified":"2016-12-04T22:19:27","modified_gmt":"2016-12-04T22:19:27","slug":"aviso-legal-y-politica-de-privacidad","status":"publish","type":"page","link":"https:\/\/chipichop.com\/en\/aviso-legal-y-politica-de-privacidad","title":{"rendered":"Aviso legal y pol\u00edtica de privacidad"},"content":{"rendered":"<h2>Aviso Legal<\/h2>\n<h2>Informaci\u00f3n LSSI<\/h2>\n<p>Esta p\u00e1gina web es propiedad de Don JOSE JULIAN DIAZ RUIZ con domicilio social en la calle Doctor Andr\u00e9s Feliu 35, Palma de Mallorca (07010), Illes Baleares y con NIF 43133437-L.<\/p>\n<p>Adem\u00e1s del domicilio social, se pone a disposici\u00f3n de los usuarios el siguiente la siguiente Direcci\u00f3n de Correo Electr\u00f3nico donde podr\u00e1n dirigir sus peticiones, cuestiones o reclamaciones: info@chipichop.com<\/p>\n<h2>Propiedad intelectual y derechos de autor<\/h2>\n<p>Los derechos de propiedad intelectual de la p\u00e1gina, el nombre de dominio, su c\u00f3digo fuente, dise\u00f1o y estructura de navegaci\u00f3n en \u00e9l contenidos son titularidad de la referida empresa, a quien corresponde el ejercicio exclusivo de los derechos de explotaci\u00f3n de los mismos en cualquier forma, y, en especial los derechos de reproducci\u00f3n, distribuci\u00f3n, comunicaci\u00f3n p\u00fablica y transformaci\u00f3n.<\/p>\n<p>El usuario se compromete, en cumplimiento de lo establecido en la Ley de Propiedad Intelectual a mantener la integridad de la obra e impedir cualquier deformaci\u00f3n, modificaci\u00f3n o alteraci\u00f3n contra ella que suponga un perjuicio a sus intereses leg\u00edtimos o menoscabo de su reputaci\u00f3n. Asimismo se compromete a no reproducir, copiar, distribuir o publicar el contenido de la informaci\u00f3n de la presente p\u00e1gina sin autorizaci\u00f3n por escrito de su titular.<\/p>\n<p>&nbsp;<\/p>\n<h2>Pol\u00edtica de privacidad<\/h2>\n<h2>Tratamiento de datos en la navegaci\u00f3n<\/h2>\n<p>De conformidad con la obligaci\u00f3n prevista en el art. 12 de la Ley 34\/2002, de 11 de julio, de servicios de la sociedad de informaci\u00f3n y comercio electr\u00f3nico, se le informa de que\u00a0 CHIPI CHOP Animaciones Infantiles ( D. JOSE JULIAN DIAZ RUIZ. NIF 43133437-L)\u00a0 s\u00f3lo obtiene y conserva la siguiente informaci\u00f3n acerca de los visitantes de nuestra web:<\/p>\n<p>a) El nombre de dominio del proveedor (PSI) y\/o direcci\u00f3n IP que les da acceso a la red. Por ejemplo, un usuario del proveedor xxx s\u00f3lo estar\u00e1 identificado con el dominio xxx.es y\/o la direcci\u00f3n IP. De esta manera podemos elaborar estad\u00edsticas sobre los pa\u00edses y servidores que visitan m\u00e1s a menudo nuestro web.<\/p>\n<p>b) La fecha y hora de acceso a nuestro web. Ello nos permite averiguar las horas de m\u00e1s afluencia, y hacer los ajustes precisos para evitar problemas de saturaci\u00f3n en nuestras horas punta.<\/p>\n<p>c) La direcci\u00f3n de internet desde la que parti\u00f3 el link que dirige a nuestro web. Gracias a este dato, podemos conocer la efectividad de los distintos banners y enlaces que apuntan a nuestro servidor, con el fin de potenciar los que ofrezcan mejores resultados.<\/p>\n<p>d) El n\u00famero de visitantes diarios de cada secci\u00f3n. Ello nos permite conocer las \u00e1reas de m\u00e1s \u00e9xito y aumentar y mejorar su contenido, con el fin de que los usuarios obtengan un resultado m\u00e1s satisfactorio.<\/p>\n<p>La utilizaci\u00f3n de cookies se realiza para almacenar alg\u00fan tipo de informaci\u00f3n sobre el usuario y que s\u00f3lo puede ser le\u00edda por el sitio web que lo envi\u00f3 al equipo, normalmente las cookies tienen una finalidad estad\u00edstica sobre las p\u00e1ginas web que las utilizan, por lo que jam\u00e1s contendr\u00e1n informaci\u00f3n sobre datos personales. A nosotros nos permitir\u00e1 obtener la siguiente informaci\u00f3n:<\/p>\n<p>a) La fecha y hora de la \u00faltima vez que el usuario visit\u00f3 nuestro web.<\/p>\n<p>b) El dise\u00f1o de contenidos que el usuario escogi\u00f3 en su primera visita a nuestro web.<\/p>\n<p>c) Elementos de seguridad que intervienen en el control de acceso a las \u00e1reas restringidas.<\/p>\n<p>El acceso a esta p\u00e1gina puede implicar la utilizaci\u00f3n de cookies, tanto en sus p\u00e1ginas como en las enlazadas o referenciadas mediante links. Estos dispositivos se asocian exclusivamente a un \u00fanico usuario y su ordenador personal, por lo que la empresa titular de la p\u00e1gina web s\u00f3lo utilizar\u00e1 estos datos en su conjunto con el fin \u00faltimo de mejorar sus servicios. El usuario tiene la opci\u00f3n de no recibir cookies o de ser informados acerca de su fijaci\u00f3n mediante la configuraci\u00f3n de su navegador a tal efecto. Sin embargo, la empresa no se responsabiliza de que la desactivaci\u00f3n de los mismos impida el buen funcionamiento de la p\u00e1gina.<\/p>\n<p>Si bien la informaci\u00f3n obtenida es, en principio, totalmente an\u00f3nima, atendiendo al Informe 327\/2003 de la Agencia Espa\u00f1ola de Protecci\u00f3n de Datos, se le informa al usuario de que los datos antes relacionados ser\u00e1n incorporados a un fichero de datos de car\u00e1cter personal para las finalidades antes detalladas, pudiendo cualquier usuario acceder, rectificar y, en su caso, cancelar sus datos de car\u00e1cter personal, mediante petici\u00f3n telem\u00e1tica a info@chipichop.com<\/p>\n<h2>Tratamiento de datos personales<\/h2>\n<p>INFORMACI\u00d3N SOBRE EL FICHERO.- De acuerdo con lo previsto en la Ley 15\/1999, de 13 de diciembre, sobre Protecci\u00f3n de Datos de Car\u00e1cter Personal, as\u00ed como en la Ley 34\/2002, de 11 de julio de servicios de la sociedad de la informaci\u00f3n y de comercio electr\u00f3nico, se le informa de que los datos personales que se recogen en esta Web ser\u00e1n incorporados a ficheros de titularidad de D. JOSE JULIAN DIAZ RUIZ (43133437L)<\/p>\n<h2>Finalidades de los tratamientos y cesiones previstas<\/h2>\n<p>La finalidad del tratamiento de los datos recabados en fase de tramitaci\u00f3n de las reservas es la gesti\u00f3n de las mismas y de la relaci\u00f3n con los clientes, gesti\u00f3n de la actividad econ\u00f3mica, facturaci\u00f3n y llevanza de la contabilidad de la empresa, la gesti\u00f3n de la calidad del servicio, atenci\u00f3n a las reclamaciones.<\/p>\n<p>Los datos podr\u00e1n ser tratados tambi\u00e9n para mandarle informaci\u00f3n sobre las noticias, productos y promociones de CHIPI CHOP Animaciones Infantiles, as\u00ed como con fines de fidelizaci\u00f3n. Usted puede oponerse a este tratamiento mediante escrito dirigido al Responsable del Fichero, cuya direcci\u00f3n aparece al final de esta p\u00e1gina.<\/p>\n<p>Asimismo se le informa de que los datos ser\u00e1n tratados para la realizaci\u00f3n de estudios estad\u00edsticos y de segmentaci\u00f3n de los clientes que permitan tanto dise\u00f1ar mejoras en los servicios prestados como perseguir fines comerciales. Usted puede oponerse a este tratamiento mediante escrito dirigido al Responsable del Fichero, cuya direcci\u00f3n aparece al final de esta p\u00e1gina.<\/p>\n<p>Asimismo, se le informa de que, pasados dos a\u00f1os desde la \u00faltima reserva sin contratar servicios o productos a trav\u00e9s de la Web de \u00a0CHIPI CHOP Animaciones Infantiles, se proceder\u00e1 autom\u00e1ticamente a la cancelaci\u00f3n de sus datos personales relativos respecto a sus reservas pasadas.<\/p>\n<h2>Medidas de seguridad<\/h2>\n<p>Los datos tratados por el Responsable de fichero, se archivar\u00e1n y custodiar\u00e1n cumpliendo con las debidas medidas de seguridad.<\/p>\n<h2>Derechos del interesado<\/h2>\n<p>Para ejercer los derechos de acceso, rectificaci\u00f3n y cancelaci\u00f3n de los datos contenidos en este fichero, as\u00ed como el de oposici\u00f3n a su tratamiento, puede dirigirse a info@chipichop.com<\/p>\n<h2>Datos de terceros<\/h2>\n<p>En el caso de incluir datos de car\u00e1cter personal titularidad de terceros, el interesado se compromete a obtener previamente su consentimiento e informarles en los t\u00e9rminos se\u00f1alados por el Art. 5 de la Ley Org\u00e1nica 15\/1999, de 13 de diciembre de protecci\u00f3n de datos de car\u00e1cter personal, as\u00ed como acerca de los extremos anteriormente indicados.<\/p>\n<h2>Veracidad de los datos<\/h2>\n<p>El interesado manifiesta que los datos suministrados son correctos y veraces y se compromete a comunicar cualquier modificaci\u00f3n de los mismos al Responsable de fichero.<\/p>\n<p>El usuario responder\u00e1 de la veracidad de los datos facilitados, reserv\u00e1ndose D. JOSE JULIAN DIAZ RUIZ (43133437L) el derecho a excluir de los servicios registrados a todo usuario que haya facilitado datos falsos, sin perjuicio de las dem\u00e1s acciones que procedan en Derecho.<\/p>\n<h2>Condiciones de uso de la web<\/h2>\n<p>Mediante la aceptaci\u00f3n de la presente pol\u00edtica de privacidad usted se compromete a utilizar la presente p\u00e1gina Web y los servicios en ella ofertados de forma l\u00edcita, de acuerdo con lo dispuesto en este acuerdo legal y de forma que no produzcan un perjuicio en los derechos o intereses de terceros o que pueda da\u00f1ar o producir un uso anormal de la p\u00e1gina Web o de los servicios por ella prestados.<\/p>\n<h2>Exclusi\u00f3n de responsabilidad<\/h2>\n<h3>Utilizaci\u00f3n de la Web:<\/h3>\n<p>El uso de esta p\u00e1gina Web se realiza bajo el propio riesgo del usuario, por tanto, D. JOSE JULIAN DIAZ RUIZ (43133437L) no se responsabiliza de posibles da\u00f1os derivados de interferencias, interrupciones, virus inform\u00e1ticos, aver\u00edas telef\u00f3nicas o desconexiones telef\u00f3nicas motivadas por causas ajenas a la citada mercantil; de retrasos o bloqueos en el uso del presente sistema electr\u00f3nico causados por deficiencias o sobrecargas en su centro procesador de datos, de l\u00edneas telef\u00f3nicas, en el sistema de Internet o en otros sistemas el\u00e9ctricos; ni tampoco de cualquier otra alteraci\u00f3n que se pueda producir en el Software o Hardware de los usuarios.<\/p>\n<p>De igual manera, \u00a0D. JOSE JULIAN DIAZ RUIZ (43133437L) no responder\u00e1 por los da\u00f1os causados por terceras personas mediante intromisiones ileg\u00edtimas fuera de nuestro control. Tampoco responder\u00e1 de los da\u00f1os y perjuicios causados por el uso o mala utilizaci\u00f3n del contenido de la Web ni por las consecuencias que pudieran derivarse de los errores, defectos u omisiones en los contenidos que pudieran aparecer en esta p\u00e1gina proporcionados por terceros.<\/p>\n<h3>Relaciones contractuales:<\/h3>\n<p>El mero acceso a la p\u00e1gina no supone en ning\u00fan caso la existencia de una relaci\u00f3n comercial entre usuario y D. JOSE JULIAN DIAZ RUIZ (43133437L)<\/p>\n<h3>Contenidos de la Web y enlaces<\/h3>\n<p>CHIPI CHOP Animaciones Infantiles (D. JOSE JULIAN DIAZ RUIZ 43133437L ) se reserva la facultad de cambiar, modificar, a\u00f1adir o eliminar en cualquier momento la informaci\u00f3n expuesta en la p\u00e1gina Web, por lo cual aconsejamos que revise peri\u00f3dicamente esta p\u00e1gina para estar al corriente de los cambios efectuados.<\/p>\n<p>Respecto a los contenidos ajenos, el portal no asume responsabilidad alguna derivada de los contenidos ajenos que se transmiten, alojan o a los que facilitan el acceso desde la Web, ya que no est\u00e1 obligado a controlar con car\u00e1cter previo si el mencionado enlace cumple con la legalidad vigente. Tampoco garantiza la ausencia de virus u otros elementos que puedan producir alteraciones en el sistema inform\u00e1tico, documentos o ficheros del usuario, excluyendo cualquier responsabilidad por los da\u00f1os de cualquier clase causados al usuario por este motivo.<\/p>\n<p>Aquellas entidades que, previa autorizaci\u00f3n del titular del sitio Web, pretendan establecer un enlace con esta p\u00e1gina Web deber\u00e1n garantizar que \u00fanicamente permite el acceso a esta p\u00e1gina o servicio pero que no realiza reproducci\u00f3n de sus contenidos y servicios.<\/p>","protected":false},"excerpt":{"rendered":"<p>Aviso Legal Informaci\u00f3n LSSI Esta p\u00e1gina web es propiedad de Don JOSE JULIAN DIAZ RUIZ con domicilio social en la calle Doctor Andr\u00e9s Feliu 35, Palma de Mallorca (07010), Illes Baleares y con NIF 43133437-L. Adem\u00e1s del domicilio social, se pone a disposici\u00f3n de los usuarios el siguiente la siguiente Direcci\u00f3n de Correo Electr\u00f3nico donde [&hellip;]<\/p>","protected":false},"author":1,"featured_media":0,"parent":0,"menu_order":0,"comment_status":"closed","ping_status":"closed","template":"","meta":{"footnotes":""},"class_list":["post-2540","page","type-page","status-publish","hentry"],"jetpack_sharing_enabled":true,"jetpack_likes_enabled":true,"_links":{"self":[{"href":"https:\/\/chipichop.com\/en\/wp-json\/wp\/v2\/pages\/2540","targetHints":{"allow":["GET"]}}],"collection":[{"href":"https:\/\/chipichop.com\/en\/wp-json\/wp\/v2\/pages"}],"about":[{"href":"https:\/\/chipichop.com\/en\/wp-json\/wp\/v2\/types\/page"}],"author":[{"embeddable":true,"href":"https:\/\/chipichop.com\/en\/wp-json\/wp\/v2\/users\/1"}],"replies":[{"embeddable":true,"href":"https:\/\/chipichop.com\/en\/wp-json\/wp\/v2\/comments?post=2540"}],"version-history":[{"count":2,"href":"https:\/\/chipichop.com\/en\/wp-json\/wp\/v2\/pages\/2540\/revisions"}],"predecessor-version":[{"id":2542,"href":"https:\/\/chipichop.com\/en\/wp-json\/wp\/v2\/pages\/2540\/revisions\/2542"}],"wp:attachment":[{"href":"https:\/\/chipichop.com\/en\/wp-json\/wp\/v2\/media?parent=2540"}],"curies":[{"name":"wp","href":"https:\/\/api.w.org\/{rel}","templated":true}]}}