{"id":4637,"date":"2026-01-10T22:05:34","date_gmt":"2026-01-10T22:05:34","guid":{"rendered":"https:\/\/chipichop.com\/?post_type=product&#038;p=4637"},"modified":"2026-01-10T22:34:10","modified_gmt":"2026-01-10T22:34:10","slug":"huntrix-demon-hunters-rumimira-y-zoei","status":"publish","type":"product","link":"http:\/\/chipichop.com\/en\/product\/huntrix-demon-hunters-rumimira-y-zoei","title":{"rendered":"Huntrix Demon Hunters. Rumi,Mira y Zoei"},"content":{"rendered":"<p>Duraci\u00f3n: 45 minutos<\/p>\n<p>Espacio: Nos adaptamos a cualquier espacio.\u00a0Cumplea\u00f1os o reunion de amigas.<br \/>\nA tener \u00a0en cuenta:\u00a0 Es necesario una habitaci\u00f3n o espacio adecuado donde ning\u00fan ni\u00f1o\/a pueda tener acceso para realizar la preparaci\u00f3n de la princesa. Se puede contratar el <a href=\"http:\/\/chipichop.com\/en\/product\/servicio-de-pintacaras\/\">pintacaras<\/a> a parte. Consultar opciones especiales.<br \/>\nRequisitos t\u00e9cnicos:\u00a0No necesarios.<\/p>\n<h2>Detalles a tener en cuenta<\/h2>\n<p>-Todos nuestros servicios incluyen el desplazamiento en la capital de Palma. Para animaciones en un radio de 30 km se aplica un incremento de 18\u20ac. Para desplazamientos superiores a 30 km incrementar\u00e1 a 25 \u20ac.<\/p>\n<p>&#8211; Los fines de semana (Viernes, S\u00e1bados y Domingos) se aplicar\u00e1 un suplemento de 10 \u20ac por persona\/servicio y Festivos locales\/nacionales se aplicar\u00e1 un suplemento de 15 \u20ac por persona\/servicio.<\/p>\n<p>&#8211; Recuerde que las animaciones se adaptan seg\u00fan edades. Adem\u00e1s le ofrecemos consejo seg\u00fan nuestra experiencia con el fin de obtener el mejor resultado y una celebraci\u00f3n inolvidable.<\/p>\n<p>&#8211; Contamos con material de calidad. Es un requisito b\u00e1sico a la hora de trabajar, tanto en disfraces, pinturas, globos, accesorios de juego, equipo de audio, como nuestra imagen misma. As\u00ed pues no debe preocuparse por el material en el d\u00eda de su fiesta, tan solo de disfrutar y ver a los m\u00e1s peques disfrutar como nunca.<\/p>\n<div class=\"wp-block-cover has-background-dim\" style=\"background-image: url('http:\/\/chipichop.com\/wp-content\/uploads\/2021\/02\/Screen-Shot-2021-02-18-at-23.25.06.png'); background-position: 90% 4%;\">\n<div class=\"wp-block-cover__inner-container\">\n<h1 class=\"has-text-align-center\"><span class=\"has-inline-color\" style=\"color: #ffffff;\"><br \/>\nRellena este Formulario y nos pondremos en contacto lo antes posible<\/span><\/h1>\n<p>&nbsp;<\/p>\n\n<div class=\"wpcf7 no-js\" id=\"wpcf7-f1516-o1\" lang=\"en-US\" dir=\"ltr\" data-wpcf7-id=\"1516\">\n<div class=\"screen-reader-response\"><p role=\"status\" aria-live=\"polite\" aria-atomic=\"true\"><\/p> <ul><\/ul><\/div>\n<form action=\"\/en\/wp-json\/wp\/v2\/product\/4637#wpcf7-f1516-o1\" method=\"post\" class=\"wpcf7-form init\" aria-label=\"Contact form\" novalidate=\"novalidate\" data-status=\"init\" data-trp-original-action=\"\/en\/wp-json\/wp\/v2\/product\/4637#wpcf7-f1516-o1\">\n<fieldset class=\"hidden-fields-container\"><input type=\"hidden\" name=\"_wpcf7\" value=\"1516\" \/><input type=\"hidden\" name=\"_wpcf7_version\" value=\"6.1.4\" \/><input type=\"hidden\" name=\"_wpcf7_locale\" value=\"en_US\" \/><input type=\"hidden\" name=\"_wpcf7_unit_tag\" value=\"wpcf7-f1516-o1\" \/><input type=\"hidden\" name=\"_wpcf7_container_post\" value=\"0\" \/><input type=\"hidden\" name=\"_wpcf7_posted_data_hash\" value=\"\" \/>\n<\/fieldset>\n<div class=\"one-half\">\n\t<p><label><br \/>\n<\/label>\n\t<\/p>\n\t<h3><span class=\"has-inline-color\" style=\"color: #ffffff;\"><br \/>\nNombre<\/span>\n\t<\/h3>\n\t<p><span class=\"wpcf7-form-control-wrap\" data-name=\"nombre\"><input size=\"40\" maxlength=\"400\" class=\"wpcf7-form-control wpcf7-text\" id=\"nombre\" aria-invalid=\"false\" value=\"\" type=\"text\" name=\"nombre\" \/><\/span>\n\t<\/p>\n<\/div>\n<div class=\"one-half last\">\n\t<p><label><br \/>\n<\/label>\n\t<\/p>\n\t<h3><span class=\"has-inline-color\" style=\"color: #ffffff;\"><br \/>\nE-Mail<\/span>\n\t<\/h3>\n\t<p><span class=\"wpcf7-form-control-wrap\" data-name=\"email\"><input size=\"40\" maxlength=\"400\" class=\"wpcf7-form-control wpcf7-email wpcf7-text wpcf7-validates-as-email\" id=\"email\" aria-invalid=\"false\" value=\"\" type=\"email\" name=\"email\" \/><\/span>\n\t<\/p>\n<\/div>\n<div class=\"one-half\">\n\t<p><label><br \/>\n<\/label>\n\t<\/p>\n\t<h3><span class=\"has-inline-color\" style=\"color: #ffffff;\"><br \/>\nFecha de la celebraci\u00f3n<\/span>\n\t<\/h3>\n\t<p><span class=\"wpcf7-form-control-wrap\" data-name=\"fecha\"><input size=\"40\" maxlength=\"400\" class=\"wpcf7-form-control wpcf7-text\" id=\"fecha\" aria-invalid=\"false\" value=\"\" type=\"text\" name=\"fecha\" \/><\/span>\n\t<\/p>\n<\/div>\n<div class=\"one-half last\">\n\t<p><label><br \/>\n<\/label>\n\t<\/p>\n\t<h3><span class=\"has-inline-color\" style=\"color: #ffffff;\"><br \/>\nNumero de ni\u00f1os aprox<\/span>\n\t<\/h3>\n\t<p><span class=\"wpcf7-form-control-wrap\" data-name=\"asistentes\"><input size=\"40\" maxlength=\"400\" class=\"wpcf7-form-control wpcf7-text\" id=\"numeronios\" aria-invalid=\"false\" value=\"\" type=\"text\" name=\"asistentes\" \/><\/span>\n\t<\/p>\n<\/div>\n<div class=\"one-half\">\n\t<p><label><br \/>\n<\/label>\n\t<\/p>\n\t<h3><span class=\"has-inline-color\" style=\"color: #ffffff;\"><br \/>\nTelefono<\/span>\n\t<\/h3>\n\t<p><span class=\"wpcf7-form-control-wrap\" data-name=\"telefono\"><input size=\"40\" maxlength=\"400\" class=\"wpcf7-form-control wpcf7-tel wpcf7-text wpcf7-validates-as-tel\" id=\"telefono\" aria-invalid=\"false\" value=\"\" type=\"tel\" name=\"telefono\" \/><\/span>\n\t<\/p>\n<\/div>\n<div class=\"one-half last\">\n\t<p><label><br \/>\n<\/label>\n\t<\/p>\n\t<h3><span class=\"has-inline-color\" style=\"color: #ffffff;\"><br \/>\nMunicipio<\/span>\n\t<\/h3>\n\t<p><span class=\"wpcf7-form-control-wrap\" data-name=\"municipio\"><input size=\"40\" maxlength=\"400\" class=\"wpcf7-form-control wpcf7-text\" id=\"municipio\" aria-invalid=\"false\" value=\"Municipio\" type=\"text\" name=\"municipio\" \/><\/span>\n\t<\/p>\n<\/div>\n<p><label> <\/label>\n<\/p>\n<h3><span class=\"has-inline-color\" style=\"color: #ffffff;\"><br \/>\nPreguntas, detalles, etc.<\/span>\n<\/h3>\n<p><span class=\"wpcf7-form-control-wrap\" data-name=\"mensaje\"><textarea cols=\"40\" rows=\"10\" maxlength=\"2000\" class=\"wpcf7-form-control wpcf7-textarea\" id=\"detalles\" aria-invalid=\"false\" name=\"mensaje\"><\/textarea><\/span>\n<\/p>\n<p>Tratamos sus datos con respeto y con el fin de respetar la nueva ley de protecci\u00f3n de datos solicito su autorizaci\u00f3n para ofrecerle informaci\u00f3n de productos y servicios relacionados con los solicitados en este formulario y fidelizarle como cliente. <span class=\"wpcf7-form-control-wrap\" data-name=\"checkbox-001\"><span class=\"wpcf7-form-control wpcf7-checkbox\"><span class=\"wpcf7-list-item first\"><input type=\"checkbox\" name=\"checkbox-001[]\" value=\"Si\" \/><span class=\"wpcf7-list-item-label\">Si<\/span><\/span><span class=\"wpcf7-list-item last\"><input type=\"checkbox\" name=\"checkbox-001[]\" value=\"No\" \/><span class=\"wpcf7-list-item-label\">No<\/span><\/span><\/span><\/span>Enviando este formulario aceptas haber le\u00eddo nuestra <a href=\"http:\/\/chipichop.com\/en\/aviso-legal-y-politica-de-privacidad\/\" target=\"_blank\">Pol\u00edtica de privacidad.<\/a>\n<\/p>\n<p><input class=\"wpcf7-form-control wpcf7-submit has-spinner\" id=\"enviar\" type=\"submit\" value=\"ENVIAR\" \/>\n<\/p><p style=\"display: none !important;\" class=\"akismet-fields-container\" data-prefix=\"_wpcf7_ak_\"><label>&#916;<textarea name=\"_wpcf7_ak_hp_textarea\" cols=\"45\" rows=\"8\" maxlength=\"100\"><\/textarea><\/label><input type=\"hidden\" id=\"ak_js_1\" name=\"_wpcf7_ak_js\" value=\"168\"\/><script>document.getElementById( \"ak_js_1\" ).setAttribute( \"value\", ( new Date() ).getTime() );<\/script><\/p><div class=\"wpcf7-response-output\" aria-hidden=\"true\"><\/div>\n<input type=\"hidden\" name=\"trp-form-language\" value=\"en\"\/><\/form>\n<\/div>\n\n<\/div>\n<\/div>\n<h2><\/h2>\n<h2>Pol\u00edtica de cancelaciones<\/h2>\n<p><strong>&#8211;\u00a0No se cobrar\u00e1 ning\u00fan tipo de recargo en cancelaciones totales o parciales por motivos de fuerza mayor y\/o cancelaciones realizadas con un plazo de 2 semanas antes de la fecha de la animaci\u00f3n devolvi\u00e9ndose la totalidad de la reserva. (No entran motivos clim\u00e1ticos, siempre aconsejamos tener un plan B en caso de hacerse la animaci\u00f3n en exterior)<\/strong><\/p>\n<p><strong>&#8211; En caso de cancelaci\u00f3n no se devolver\u00e1 la paga y se\u00f1al recibida<br \/>\n<\/strong><br \/>\n<strong>&#8211; En el caso haber contratado varios servicios y se cancela una parte del mismo se penalizar\u00e1 con un 35% del coste de los servicios cancelados.<\/strong><\/p>","protected":false},"excerpt":{"rendered":"<h2 data-start=\"267\" data-end=\"328\"><strong data-start=\"271\" data-end=\"328\">\u00a1Vive la Magia de Huntrix en Tu Fiesta de Cumplea\u00f1os!<\/strong><\/h2>\n<p data-start=\"330\" data-end=\"626\">Haz que el cumplea\u00f1os de tu peque\u00f1o sea un evento inolvidable con los encantadores personajes de <strong data-start=\"427\" data-end=\"438\">Huntrix<\/strong>: <strong data-start=\"440\" data-end=\"448\">Rumi<\/strong>, <strong data-start=\"450\" data-end=\"458\">Mira<\/strong> y <strong data-start=\"461\" data-end=\"469\">Zoei<\/strong>. Nuestros personajes no solo traen la magia de la famosa serie, \u00a1sino que transforman tu fiesta en un espect\u00e1culo lleno de diversi\u00f3n, risas y mucha emoci\u00f3n!<\/p>\n<p data-start=\"628\" data-end=\"678\"><strong data-start=\"628\" data-end=\"678\">\u00bfQu\u00e9 incluye la visita de nuestros personajes?<\/strong><\/p>\n<ol data-start=\"680\" data-end=\"2272\">\n<li data-start=\"680\" data-end=\"1032\">\n<p data-start=\"683\" data-end=\"1032\"><strong data-start=\"683\" data-end=\"720\">Espectacular Show de Introducci\u00f3n<\/strong><br data-start=\"720\" data-end=\"723\" \/>La fiesta comienza con una entrada triunfal de <strong data-start=\"773\" data-end=\"781\">Rumi<\/strong>, <strong data-start=\"783\" data-end=\"791\">Mira<\/strong> y <strong data-start=\"794\" data-end=\"802\">Zoei<\/strong>, acompa\u00f1ados de una canci\u00f3n especial de <strong data-start=\"843\" data-end=\"854\">Huntrix<\/strong> que pondr\u00e1 a todos los ni\u00f1os a cantar y bailar. \u00a1Es el momento perfecto para que el protagonista de la fiesta se convierta en el centro de atenci\u00f3n y viva una experiencia \u00fanica!<\/p>\n<\/li>\n<li data-start=\"1034\" data-end=\"1290\">\n<p data-start=\"1037\" data-end=\"1290\"><strong data-start=\"1037\" data-end=\"1073\">Protagonismo para el Cumplea\u00f1ero<\/strong><br data-start=\"1073\" data-end=\"1076\" \/>Durante toda la celebraci\u00f3n, el ni\u00f1o o la ni\u00f1a homenajeado ser\u00e1 el protagonista absoluto. Nuestros personajes interactuar\u00e1n con \u00e9l o ella, haciendo que se sienta como un verdadero h\u00e9roe o hero\u00edna de <strong data-start=\"1278\" data-end=\"1289\">Huntrix<\/strong>.<\/p>\n<\/li>\n<li data-start=\"1292\" data-end=\"1571\">\n<p data-start=\"1295\" data-end=\"1571\"><strong data-start=\"1295\" data-end=\"1317\">Juegos Tematizados<\/strong><br data-start=\"1317\" data-end=\"1320\" \/>Prep\u00e1rate para un sinf\u00edn de juegos y actividades tematizadas, donde <strong data-start=\"1391\" data-end=\"1399\">Rumi<\/strong>, <strong data-start=\"1401\" data-end=\"1409\">Mira<\/strong> y <strong data-start=\"1412\" data-end=\"1420\">Zoei<\/strong> guiar\u00e1n a los peque\u00f1os en desaf\u00edos divertidos, siempre llenos de magia, risas y sorpresas. \u00a1Un toque \u00fanico que solo nuestros personajes saben ofrecer!<\/p>\n<\/li>\n<li data-start=\"1573\" data-end=\"1854\">\n<p data-start=\"1576\" data-end=\"1854\"><strong data-start=\"1576\" data-end=\"1599\">Entrega de la Tarta<\/strong><br data-start=\"1599\" data-end=\"1602\" \/>Llega el momento m\u00e1s dulce: la entrega de la tarta de cumplea\u00f1os. Nuestros personajes acompa\u00f1ar\u00e1n al cumplea\u00f1ero en este momento tan especial, creando un ambiente lleno de alegr\u00eda y emoci\u00f3n. \u00a1Y no olvides las fotos para capturar este instante \u00fanico!<\/p>\n<\/li>\n<li data-start=\"1856\" data-end=\"2272\">\n<p data-start=\"1859\" data-end=\"2272\"><strong data-start=\"1859\" data-end=\"1911\">Acompa\u00f1amiento hasta los Regalos y Fotos Finales<\/strong><br data-start=\"1911\" data-end=\"1914\" \/>La diversi\u00f3n no termina con la tarta. Acompa\u00f1aremos al cumplea\u00f1ero o la cumplea\u00f1era hasta el momento de la entrega de los regalos, asegur\u00e1ndonos de que cada detalle sea inolvidable. Y para cerrar la fiesta con broche de oro, realizaremos una sesi\u00f3n de fotos con <strong data-start=\"2179\" data-end=\"2187\">Rumi<\/strong>, <strong data-start=\"2189\" data-end=\"2197\">Mira<\/strong> y <strong data-start=\"2200\" data-end=\"2208\">Zoei<\/strong>, para que el cumplea\u00f1os quede registrado con recuerdos m\u00e1gicos.<\/p>\n<\/li>\n<\/ol>\n<p data-start=\"2274\" data-end=\"2477\"><strong data-start=\"2274\" data-end=\"2381\">\u00a1No dejes pasar la oportunidad de hacer de tu fiesta un evento incre\u00edble con los personajes de Huntrix!<\/strong> La magia, la diversi\u00f3n y la emoci\u00f3n est\u00e1n aseguradas. \u00a1Reserva ya y vive una experiencia \u00fanica!<\/p>","protected":false},"featured_media":4639,"template":"","meta":[],"product_cat":[134,48,50],"product_tag":[140,139,135,137,136,94,138],"class_list":{"0":"post-4637","1":"product","2":"type-product","3":"status-publish","4":"has-post-thumbnail","6":"product_cat-baile-y-musica","7":"product_cat-animacion","8":"product_cat-visitapersonajes","9":"product_tag-cazadoras-de-demonios","10":"product_tag-demon-hunters","11":"product_tag-huntrix","12":"product_tag-mira","13":"product_tag-rumi","14":"product_tag-visita-de-personajes","15":"product_tag-zoei","17":"first","18":"onbackorder","19":"sale","20":"shipping-taxable","21":"purchasable","22":"product-type-simple"},"jetpack_sharing_enabled":true,"jetpack_likes_enabled":true,"_links":{"self":[{"href":"http:\/\/chipichop.com\/en\/wp-json\/wp\/v2\/product\/4637","targetHints":{"allow":["GET"]}}],"collection":[{"href":"http:\/\/chipichop.com\/en\/wp-json\/wp\/v2\/product"}],"about":[{"href":"http:\/\/chipichop.com\/en\/wp-json\/wp\/v2\/types\/product"}],"wp:featuredmedia":[{"embeddable":true,"href":"http:\/\/chipichop.com\/en\/wp-json\/wp\/v2\/media\/4639"}],"wp:attachment":[{"href":"http:\/\/chipichop.com\/en\/wp-json\/wp\/v2\/media?parent=4637"}],"wp:term":[{"taxonomy":"product_cat","embeddable":true,"href":"http:\/\/chipichop.com\/en\/wp-json\/wp\/v2\/product_cat?post=4637"},{"taxonomy":"product_tag","embeddable":true,"href":"http:\/\/chipichop.com\/en\/wp-json\/wp\/v2\/product_tag?post=4637"}],"curies":[{"name":"wp","href":"https:\/\/api.w.org\/{rel}","templated":true}]}}