{"id":4156,"date":"2020-07-16T01:12:08","date_gmt":"2020-07-16T01:12:08","guid":{"rendered":"http:\/\/chipichop.com\/?post_type=product&#038;p=4156"},"modified":"2023-04-27T15:01:22","modified_gmt":"2023-04-27T15:01:22","slug":"animacion-tiktok","status":"publish","type":"product","link":"http:\/\/chipichop.com\/en\/product\/animacion-tiktok","title":{"rendered":"\u00bfTe atreves a bailar los \u00e9xitos de TIK TOK?"},"content":{"rendered":"<p>Animaci\u00f3n Tik Tok Basic: Hasta 20 ni\u00f1os\/as<br \/>\nDuraci\u00f3n: 1h 15 min &#8211; <strong>180\u20ac<br \/>\n<\/strong>Versi\u00f3n reducida: 45 min como complemento de animaci\u00f3n o parques infantiles: <strong>120 \u20ac<\/strong><\/p>\n<div><b>*EQUIPO DELUXE: Para todas las propuestas podemos llevar esta experiencia a un nivel superior con el equipo DELUXE de sonido y efectos especiales incluyendo:<\/b><br \/>\n&#8211; Gran lona decorativa de fondo discoteca (4x2m)<br \/>\n&#8211; Maquina de humo<br \/>\n&#8211; Maquinas de Humo CO2 efecto volcan con leds<br \/>\n&#8211; Set de iluminaci\u00f3n<br \/>\n&#8211; Equipo profesional de m\u00fasica con DJ para m\u00e1s fluidez en el desarrollo de animaci\u00f3n<br \/>\n<strong>COSTE EXTRA: 290 \u20ac<br \/>\n<\/strong><br \/>\n<b>Otros extras:<\/b><br \/>\n&#8211; Ca\u00f1ones de confeti\/serpentinas- 50 \u20ac 1 disparo y 30\u20ac los siguientes (hasta 30 metros de altura y un gran efecto visual) precio por disparo<br \/>\n&#8211; Maquina de Algodon de azucar: 1 hora (50 algodones) &#8211; 130 \u20ac \/\/ 2 horas ( 75 algodones) &#8211; 180 \u20ac \/\/ 3 horas (100 algodones) &#8211; 230 \u20ac<br \/>\n&#8211; Maquina de Palomitas: 1 hora (50 cartuchos) &#8211; 130 \u20ac \/\/ 2 horas ( 75 cartuchos) &#8211; 180 \u20ac \/\/ 3 horas (100 cartuchos) &#8211; 230 \u20ac<br \/>\n&#8211; Maquina\u00a0humo y pompas &#8211; 50 \u20ac<br \/>\n&#8211; Desplazamientos hasta 30 km de palma (fuera de palma) 20 \u20ac a partir del Km 30 el coste son 30 \u20ac<\/div>\n<div><\/div>\n<p>Espacio: Nos adaptamos a cualquier espacio.\u00a0Cumplea\u00f1os, comuniones o reunion de amigas.<br \/>\nRequisitos t\u00e9cnicos: Espacio m\u00ednimo de 8 x 7 metros solo para las coreografas y un enchufe m\u00e1ximo a 10 metros de distancia.<br \/>\nA tener \u00a0en cuenta: Conviene ambientar la animaci\u00f3n y comunicar a las invitadas que lleven\u00a0zapatillas c\u00f3modas, leggins, gorras, gafas, calentadores, faldas, tutus, accesorios\u2026.<\/p>\n<h2>Detalles a tener en cuenta<\/h2>\n<p>&#8211; Todos nuestros servicios incluyen el desplazamiento en la capital de Palma. Para animaciones en un radio de 30 km se aplica un incremento de 20\u20ac. Para desplazamientos superiores a 30 km incrementar\u00e1 a 30 \u20ac.<\/p>\n<p>&#8211; Los fines de semana (Viernes, S\u00e1bados y Domingos) se aplicar\u00e1 un suplemento de 10 \u20ac por persona\/servicio y Festivos locales\/nacionales se aplicar\u00e1 un suplemento de 15 \u20ac por persona\/servicio.<\/p>\n<p>&#8211; Recuerde que las animaciones se adaptan seg\u00fan edades. Adem\u00e1s le ofrecemos consejo seg\u00fan nuestra experiencia con el fin de obtener el mejor resultado y una celebraci\u00f3n inolvidable.<\/p>\n<p>&#8211; Contamos con material de calidad. Es un requisito b\u00e1sico a la hora de trabajar, tanto en disfraces, pinturas, globos, accesorios de juego, equipo de audio, como nuestra imagen misma. As\u00ed pues no debe preocuparse por el material en el d\u00eda de su fiesta, tan solo de disfrutar y ver a los m\u00e1s peques disfrutar como nunca.<\/p>\n<div class=\"wp-block-cover has-background-dim\" style=\"background-image: url('http:\/\/chipichop.com\/wp-content\/uploads\/2021\/02\/Screen-Shot-2021-02-18-at-23.25.06.png'); background-position: 90% 4%;\">\n<div class=\"wp-block-cover__inner-container\">\n<h1 class=\"has-text-align-center\"><span class=\"has-inline-color\" style=\"color: #ffffff;\"><br \/>\nRellena este Formulario y nos pondremos en contacto lo antes posible<\/span><\/h1>\n<p>&nbsp;<\/p>\n\n<div class=\"wpcf7 no-js\" id=\"wpcf7-f1516-o1\" lang=\"en-US\" dir=\"ltr\" data-wpcf7-id=\"1516\">\n<div class=\"screen-reader-response\"><p role=\"status\" aria-live=\"polite\" aria-atomic=\"true\"><\/p> <ul><\/ul><\/div>\n<form action=\"\/en\/wp-json\/wp\/v2\/product\/4156#wpcf7-f1516-o1\" method=\"post\" class=\"wpcf7-form init\" aria-label=\"Contact form\" novalidate=\"novalidate\" data-status=\"init\" data-trp-original-action=\"\/en\/wp-json\/wp\/v2\/product\/4156#wpcf7-f1516-o1\">\n<fieldset class=\"hidden-fields-container\"><input type=\"hidden\" name=\"_wpcf7\" value=\"1516\" \/><input type=\"hidden\" name=\"_wpcf7_version\" value=\"6.1.4\" \/><input type=\"hidden\" name=\"_wpcf7_locale\" value=\"en_US\" \/><input type=\"hidden\" name=\"_wpcf7_unit_tag\" value=\"wpcf7-f1516-o1\" \/><input type=\"hidden\" name=\"_wpcf7_container_post\" value=\"0\" \/><input type=\"hidden\" name=\"_wpcf7_posted_data_hash\" value=\"\" \/>\n<\/fieldset>\n<div class=\"one-half\">\n\t<p><label><br \/>\n<\/label>\n\t<\/p>\n\t<h3><span class=\"has-inline-color\" style=\"color: #ffffff;\"><br \/>\nNombre<\/span>\n\t<\/h3>\n\t<p><span class=\"wpcf7-form-control-wrap\" data-name=\"nombre\"><input size=\"40\" maxlength=\"400\" class=\"wpcf7-form-control wpcf7-text\" id=\"nombre\" aria-invalid=\"false\" value=\"\" type=\"text\" name=\"nombre\" \/><\/span>\n\t<\/p>\n<\/div>\n<div class=\"one-half last\">\n\t<p><label><br \/>\n<\/label>\n\t<\/p>\n\t<h3><span class=\"has-inline-color\" style=\"color: #ffffff;\"><br \/>\nE-Mail<\/span>\n\t<\/h3>\n\t<p><span class=\"wpcf7-form-control-wrap\" data-name=\"email\"><input size=\"40\" maxlength=\"400\" class=\"wpcf7-form-control wpcf7-email wpcf7-text wpcf7-validates-as-email\" id=\"email\" aria-invalid=\"false\" value=\"\" type=\"email\" name=\"email\" \/><\/span>\n\t<\/p>\n<\/div>\n<div class=\"one-half\">\n\t<p><label><br \/>\n<\/label>\n\t<\/p>\n\t<h3><span class=\"has-inline-color\" style=\"color: #ffffff;\"><br \/>\nFecha de la celebraci\u00f3n<\/span>\n\t<\/h3>\n\t<p><span class=\"wpcf7-form-control-wrap\" data-name=\"fecha\"><input size=\"40\" maxlength=\"400\" class=\"wpcf7-form-control wpcf7-text\" id=\"fecha\" aria-invalid=\"false\" value=\"\" type=\"text\" name=\"fecha\" \/><\/span>\n\t<\/p>\n<\/div>\n<div class=\"one-half last\">\n\t<p><label><br \/>\n<\/label>\n\t<\/p>\n\t<h3><span class=\"has-inline-color\" style=\"color: #ffffff;\"><br \/>\nNumero de ni\u00f1os aprox<\/span>\n\t<\/h3>\n\t<p><span class=\"wpcf7-form-control-wrap\" data-name=\"asistentes\"><input size=\"40\" maxlength=\"400\" class=\"wpcf7-form-control wpcf7-text\" id=\"numeronios\" aria-invalid=\"false\" value=\"\" type=\"text\" name=\"asistentes\" \/><\/span>\n\t<\/p>\n<\/div>\n<div class=\"one-half\">\n\t<p><label><br \/>\n<\/label>\n\t<\/p>\n\t<h3><span class=\"has-inline-color\" style=\"color: #ffffff;\"><br \/>\nTelefono<\/span>\n\t<\/h3>\n\t<p><span class=\"wpcf7-form-control-wrap\" data-name=\"telefono\"><input size=\"40\" maxlength=\"400\" class=\"wpcf7-form-control wpcf7-tel wpcf7-text wpcf7-validates-as-tel\" id=\"telefono\" aria-invalid=\"false\" value=\"\" type=\"tel\" name=\"telefono\" \/><\/span>\n\t<\/p>\n<\/div>\n<div class=\"one-half last\">\n\t<p><label><br \/>\n<\/label>\n\t<\/p>\n\t<h3><span class=\"has-inline-color\" style=\"color: #ffffff;\"><br \/>\nMunicipio<\/span>\n\t<\/h3>\n\t<p><span class=\"wpcf7-form-control-wrap\" data-name=\"municipio\"><input size=\"40\" maxlength=\"400\" class=\"wpcf7-form-control wpcf7-text\" id=\"municipio\" aria-invalid=\"false\" value=\"Municipio\" type=\"text\" name=\"municipio\" \/><\/span>\n\t<\/p>\n<\/div>\n<p><label> <\/label>\n<\/p>\n<h3><span class=\"has-inline-color\" style=\"color: #ffffff;\"><br \/>\nPreguntas, detalles, etc.<\/span>\n<\/h3>\n<p><span class=\"wpcf7-form-control-wrap\" data-name=\"mensaje\"><textarea cols=\"40\" rows=\"10\" maxlength=\"2000\" class=\"wpcf7-form-control wpcf7-textarea\" id=\"detalles\" aria-invalid=\"false\" name=\"mensaje\"><\/textarea><\/span>\n<\/p>\n<p>Tratamos sus datos con respeto y con el fin de respetar la nueva ley de protecci\u00f3n de datos solicito su autorizaci\u00f3n para ofrecerle informaci\u00f3n de productos y servicios relacionados con los solicitados en este formulario y fidelizarle como cliente. <span class=\"wpcf7-form-control-wrap\" data-name=\"checkbox-001\"><span class=\"wpcf7-form-control wpcf7-checkbox\"><span class=\"wpcf7-list-item first\"><input type=\"checkbox\" name=\"checkbox-001[]\" value=\"Si\" \/><span class=\"wpcf7-list-item-label\">Si<\/span><\/span><span class=\"wpcf7-list-item last\"><input type=\"checkbox\" name=\"checkbox-001[]\" value=\"No\" \/><span class=\"wpcf7-list-item-label\">No<\/span><\/span><\/span><\/span>Enviando este formulario aceptas haber le\u00eddo nuestra <a href=\"http:\/\/chipichop.com\/en\/aviso-legal-y-politica-de-privacidad\/\" target=\"_blank\">Pol\u00edtica de privacidad.<\/a>\n<\/p>\n<p><input class=\"wpcf7-form-control wpcf7-submit has-spinner\" id=\"enviar\" type=\"submit\" value=\"ENVIAR\" \/>\n<\/p><p style=\"display: none !important;\" class=\"akismet-fields-container\" data-prefix=\"_wpcf7_ak_\"><label>&#916;<textarea name=\"_wpcf7_ak_hp_textarea\" cols=\"45\" rows=\"8\" maxlength=\"100\"><\/textarea><\/label><input type=\"hidden\" id=\"ak_js_1\" name=\"_wpcf7_ak_js\" value=\"194\"\/><script>document.getElementById( \"ak_js_1\" ).setAttribute( \"value\", ( new Date() ).getTime() );<\/script><\/p><div class=\"wpcf7-response-output\" aria-hidden=\"true\"><\/div>\n<input type=\"hidden\" name=\"trp-form-language\" value=\"en\"\/><\/form>\n<\/div>\n\n<\/div>\n<\/div>\n<h2>Pol\u00edtica de cancelaciones<\/h2>\n<p><strong>&#8211;\u00a0No se cobrar\u00e1 ning\u00fan tipo de recargo en cancelaciones totales o parciales por motivos de fuerza mayor y\/o cancelaciones realizadas con un plazo de 2 semanas antes de la fecha de la animaci\u00f3n devolvi\u00e9ndose la totalidad de la reserva. (No entran motivos clim\u00e1ticos, siempre aconsejamos tener un plan B en caso de hacerse la animaci\u00f3n en exterior)<\/strong><\/p>\n<p><strong>&#8211; En caso de cancelaci\u00f3n no se devolver\u00e1 la paga y se\u00f1al recibida<br \/>\n<\/strong><br \/>\n<strong>&#8211; En el caso haber contratado varios servicios y se cancela una parte del mismo se penalizar\u00e1 con un 35% del coste de los servicios cancelados<\/strong><\/p>","protected":false},"excerpt":{"rendered":"<p>Aprenderemos las coreografias TikTok m\u00e1s famosas con divertidos juegos musicales, humor y mucho ritmo!<\/p>\n<p>\u00a1Ha llegado la Animaci\u00f3n TIK TOK!<\/p>\n<p>Una animaci\u00f3n pensada para espacios amplios y ventilados donde, de la mano de una aut\u00e9ntica core\u00f3grafa profesional, crearemos bailes, aprenderemos los bailes m\u00e1s famosos de Tik Tok y adem\u00e1s un sinf\u00edn de sorpresas.<\/p>\n<p>Llevamos el material necesario y equipo de m\u00fasica b\u00e1sico pero lo suficientemente potente para hacer la animaci\u00f3n hasta con 20 participantes.<\/p>\n<p>En el caso de ser m\u00e1s aconsejar\u00edamos contratar la versi\u00f3n DELUXE de la Animaci\u00f3n Tik Tok donde incluimos efectos especiales, luces y un potente equipo de m\u00fasica.<\/p>\n<p>Se har\u00e1 un acompa\u00f1amiento a la hora de la salida de la tarta, donde finalmente acabaremos con un divertido baile todos juntos, para luego poder ir a comer la tarta!!!<\/p>","protected":false},"featured_media":4157,"template":"","meta":[],"product_cat":[48],"product_tag":[54,59,60],"class_list":{"0":"post-4156","1":"product","2":"type-product","3":"status-publish","4":"has-post-thumbnail","6":"product_cat-animacion","7":"product_tag-animacion","8":"product_tag-baile","9":"product_tag-minidisco","11":"first","12":"outofstock","13":"sale","14":"virtual","15":"purchasable","16":"product-type-simple"},"jetpack_sharing_enabled":true,"jetpack_likes_enabled":true,"_links":{"self":[{"href":"http:\/\/chipichop.com\/en\/wp-json\/wp\/v2\/product\/4156","targetHints":{"allow":["GET"]}}],"collection":[{"href":"http:\/\/chipichop.com\/en\/wp-json\/wp\/v2\/product"}],"about":[{"href":"http:\/\/chipichop.com\/en\/wp-json\/wp\/v2\/types\/product"}],"wp:featuredmedia":[{"embeddable":true,"href":"http:\/\/chipichop.com\/en\/wp-json\/wp\/v2\/media\/4157"}],"wp:attachment":[{"href":"http:\/\/chipichop.com\/en\/wp-json\/wp\/v2\/media?parent=4156"}],"wp:term":[{"taxonomy":"product_cat","embeddable":true,"href":"http:\/\/chipichop.com\/en\/wp-json\/wp\/v2\/product_cat?post=4156"},{"taxonomy":"product_tag","embeddable":true,"href":"http:\/\/chipichop.com\/en\/wp-json\/wp\/v2\/product_tag?post=4156"}],"curies":[{"name":"wp","href":"https:\/\/api.w.org\/{rel}","templated":true}]}}