{"id":2868,"date":"2017-05-25T18:09:24","date_gmt":"2017-05-25T18:09:24","guid":{"rendered":"http:\/\/chipichop.com\/producto\/visita-de-iron-man"},"modified":"2022-05-31T21:38:23","modified_gmt":"2022-05-31T21:38:23","slug":"visita-de-iron-man","status":"publish","type":"product","link":"http:\/\/chipichop.com\/en\/product\/visita-de-iron-man","title":{"rendered":"Visita de IRON MAN en tu fiesta"},"content":{"rendered":"<p><iframe loading=\"lazy\" src=\"https:\/\/www.youtube.com\/embed\/WN9jv3D8vqU\" width=\"640\" height=\"360\" frameborder=\"0\" allowfullscreen=\"allowfullscreen\"><\/iframe><br \/>\nDuraci\u00f3n: 45\u00a0minutos<\/p>\n<p><strong>Area del show:\u00a0<\/strong>Es importante que haya espacio suficiente para desarrollar la visita del personaje evitando aglomeraci\u00f3n ya que el traje dispone de elementos mecanizados y electr\u00f3nicos que no pueden ser tocados constantemente por los invitados.<\/p>\n<p><strong>Espacio de montaje:<\/strong>\u00a0Es necesario disponer\u00a0de un sitio cercano al area del espect\u00e1culo o una zona privada donde el t\u00e9cnico de montaje y la persona que va dentro de la armadura pueda realizar sus cambios tranquilamente con luz y un m\u00ednimo de 4 metros cuadrados<\/p>\n<p><strong>Tiempo de montaje y desmontaje<\/strong>: 1h 15 minutos total<\/p>\n<p><strong>Requisitos t\u00e9cnicos:<\/strong> Enchufe m\u00ednimo a 15 m. de distancia.<\/p>\n<p><strong>Recomendaciones:\u00a0<\/strong>Para mayor impacto es recomendable que haya poca luz para que se visualicen los efectos luminosos de la armadura.<\/p>\n<p><strong>Podemos ofrecer una introducci\u00f3n m\u00e1s impactante con explosiones y efectos visuales bajo petici\u00f3n acorde al presupuesto.<\/strong><\/p>\n<h2>Detalles a tener en cuenta<\/h2>\n<p>&#8211; Todos nuestros servicios incluyen el desplazamiento en la capital de Palma. Para animaciones en un radio de 30 km se aplica un incremento de 15\u20ac. Para desplazamientos superiores a 30 km incrementar\u00e1 a 25 \u20ac.<\/p>\n<p>&#8211; Los fines de semana (Viernes, S\u00e1bados y Domingos) se aplicar\u00e1 un suplemento de 10 \u20ac por persona\/servicio y Festivos locales\/nacionales se aplicar\u00e1 un suplemento de 15 \u20ac por persona\/servicio.<\/p>\n<p>&#8211; Recuerde que las animaciones se adaptan seg\u00fan edades. Adem\u00e1s le ofrecemos consejo seg\u00fan nuestra experiencia con el fin de obtener el mejor resultado y una celebraci\u00f3n inolvidable.<\/p>\n<p>&#8211; Contamos con material de calidad. Es un requisito b\u00e1sico a la hora de trabajar, tanto en disfraces, pinturas, globos, accesorios de juego, equipo de audio, como nuestra imagen misma. As\u00ed pues no debe preocuparse por el material en el d\u00eda de su fiesta, tan solo de disfrutar y ver a los m\u00e1s peques disfrutar como nunca.<\/p>\n<div class=\"wp-block-cover has-background-dim\" style=\"background-image: url('http:\/\/chipichop.com\/wp-content\/uploads\/2021\/02\/Screen-Shot-2021-02-18-at-23.25.06.png'); background-position: 90% 4%;\">\n<div class=\"wp-block-cover__inner-container\">\n<h1 class=\"has-text-align-center\"><span class=\"has-inline-color\" style=\"color: #ffffff;\"><br \/>\n\u00bfNecesitas ayuda? Rellena este Formulario y nos pondremos en contacto lo antes posible<\/span><\/h1>\n<p>&nbsp;<\/p>\n\n<div class=\"wpcf7 no-js\" id=\"wpcf7-f1516-o1\" lang=\"en-US\" dir=\"ltr\" data-wpcf7-id=\"1516\">\n<div class=\"screen-reader-response\"><p role=\"status\" aria-live=\"polite\" aria-atomic=\"true\"><\/p> <ul><\/ul><\/div>\n<form action=\"\/en\/wp-json\/wp\/v2\/product\/2868#wpcf7-f1516-o1\" method=\"post\" class=\"wpcf7-form init\" aria-label=\"Contact form\" novalidate=\"novalidate\" data-status=\"init\" data-trp-original-action=\"\/en\/wp-json\/wp\/v2\/product\/2868#wpcf7-f1516-o1\">\n<fieldset class=\"hidden-fields-container\"><input type=\"hidden\" name=\"_wpcf7\" value=\"1516\" \/><input type=\"hidden\" name=\"_wpcf7_version\" value=\"6.1.4\" \/><input type=\"hidden\" name=\"_wpcf7_locale\" value=\"en_US\" \/><input type=\"hidden\" name=\"_wpcf7_unit_tag\" value=\"wpcf7-f1516-o1\" \/><input type=\"hidden\" name=\"_wpcf7_container_post\" value=\"0\" \/><input type=\"hidden\" name=\"_wpcf7_posted_data_hash\" value=\"\" \/>\n<\/fieldset>\n<div class=\"one-half\">\n\t<p><label><br \/>\n<\/label>\n\t<\/p>\n\t<h3><span class=\"has-inline-color\" style=\"color: #ffffff;\"><br \/>\nNombre<\/span>\n\t<\/h3>\n\t<p><span class=\"wpcf7-form-control-wrap\" data-name=\"nombre\"><input size=\"40\" maxlength=\"400\" class=\"wpcf7-form-control wpcf7-text\" id=\"nombre\" aria-invalid=\"false\" value=\"\" type=\"text\" name=\"nombre\" \/><\/span>\n\t<\/p>\n<\/div>\n<div class=\"one-half last\">\n\t<p><label><br \/>\n<\/label>\n\t<\/p>\n\t<h3><span class=\"has-inline-color\" style=\"color: #ffffff;\"><br \/>\nE-Mail<\/span>\n\t<\/h3>\n\t<p><span class=\"wpcf7-form-control-wrap\" data-name=\"email\"><input size=\"40\" maxlength=\"400\" class=\"wpcf7-form-control wpcf7-email wpcf7-text wpcf7-validates-as-email\" id=\"email\" aria-invalid=\"false\" value=\"\" type=\"email\" name=\"email\" \/><\/span>\n\t<\/p>\n<\/div>\n<div class=\"one-half\">\n\t<p><label><br \/>\n<\/label>\n\t<\/p>\n\t<h3><span class=\"has-inline-color\" style=\"color: #ffffff;\"><br \/>\nFecha de la celebraci\u00f3n<\/span>\n\t<\/h3>\n\t<p><span class=\"wpcf7-form-control-wrap\" data-name=\"fecha\"><input size=\"40\" maxlength=\"400\" class=\"wpcf7-form-control wpcf7-text\" id=\"fecha\" aria-invalid=\"false\" value=\"\" type=\"text\" name=\"fecha\" \/><\/span>\n\t<\/p>\n<\/div>\n<div class=\"one-half last\">\n\t<p><label><br \/>\n<\/label>\n\t<\/p>\n\t<h3><span class=\"has-inline-color\" style=\"color: #ffffff;\"><br \/>\nNumero de ni\u00f1os aprox<\/span>\n\t<\/h3>\n\t<p><span class=\"wpcf7-form-control-wrap\" data-name=\"asistentes\"><input size=\"40\" maxlength=\"400\" class=\"wpcf7-form-control wpcf7-text\" id=\"numeronios\" aria-invalid=\"false\" value=\"\" type=\"text\" name=\"asistentes\" \/><\/span>\n\t<\/p>\n<\/div>\n<div class=\"one-half\">\n\t<p><label><br \/>\n<\/label>\n\t<\/p>\n\t<h3><span class=\"has-inline-color\" style=\"color: #ffffff;\"><br \/>\nTelefono<\/span>\n\t<\/h3>\n\t<p><span class=\"wpcf7-form-control-wrap\" data-name=\"telefono\"><input size=\"40\" maxlength=\"400\" class=\"wpcf7-form-control wpcf7-tel wpcf7-text wpcf7-validates-as-tel\" id=\"telefono\" aria-invalid=\"false\" value=\"\" type=\"tel\" name=\"telefono\" \/><\/span>\n\t<\/p>\n<\/div>\n<div class=\"one-half last\">\n\t<p><label><br \/>\n<\/label>\n\t<\/p>\n\t<h3><span class=\"has-inline-color\" style=\"color: #ffffff;\"><br \/>\nMunicipio<\/span>\n\t<\/h3>\n\t<p><span class=\"wpcf7-form-control-wrap\" data-name=\"municipio\"><input size=\"40\" maxlength=\"400\" class=\"wpcf7-form-control wpcf7-text\" id=\"municipio\" aria-invalid=\"false\" value=\"Municipio\" type=\"text\" name=\"municipio\" \/><\/span>\n\t<\/p>\n<\/div>\n<p><label> <\/label>\n<\/p>\n<h3><span class=\"has-inline-color\" style=\"color: #ffffff;\"><br \/>\nPreguntas, detalles, etc.<\/span>\n<\/h3>\n<p><span class=\"wpcf7-form-control-wrap\" data-name=\"mensaje\"><textarea cols=\"40\" rows=\"10\" maxlength=\"2000\" class=\"wpcf7-form-control wpcf7-textarea\" id=\"detalles\" aria-invalid=\"false\" name=\"mensaje\"><\/textarea><\/span>\n<\/p>\n<p>Tratamos sus datos con respeto y con el fin de respetar la nueva ley de protecci\u00f3n de datos solicito su autorizaci\u00f3n para ofrecerle informaci\u00f3n de productos y servicios relacionados con los solicitados en este formulario y fidelizarle como cliente. <span class=\"wpcf7-form-control-wrap\" data-name=\"checkbox-001\"><span class=\"wpcf7-form-control wpcf7-checkbox\"><span class=\"wpcf7-list-item first\"><input type=\"checkbox\" name=\"checkbox-001[]\" value=\"Si\" \/><span class=\"wpcf7-list-item-label\">Si<\/span><\/span><span class=\"wpcf7-list-item last\"><input type=\"checkbox\" name=\"checkbox-001[]\" value=\"No\" \/><span class=\"wpcf7-list-item-label\">No<\/span><\/span><\/span><\/span>Enviando este formulario aceptas haber le\u00eddo nuestra <a href=\"http:\/\/chipichop.com\/en\/aviso-legal-y-politica-de-privacidad\/\" target=\"_blank\">Pol\u00edtica de privacidad.<\/a>\n<\/p>\n<p><input class=\"wpcf7-form-control wpcf7-submit has-spinner\" id=\"enviar\" type=\"submit\" value=\"ENVIAR\" \/>\n<\/p><p style=\"display: none !important;\" class=\"akismet-fields-container\" data-prefix=\"_wpcf7_ak_\"><label>&#916;<textarea name=\"_wpcf7_ak_hp_textarea\" cols=\"45\" rows=\"8\" maxlength=\"100\"><\/textarea><\/label><input type=\"hidden\" id=\"ak_js_1\" name=\"_wpcf7_ak_js\" value=\"221\"\/><script>document.getElementById( \"ak_js_1\" ).setAttribute( \"value\", ( new Date() ).getTime() );<\/script><\/p><div class=\"wpcf7-response-output\" aria-hidden=\"true\"><\/div>\n<input type=\"hidden\" name=\"trp-form-language\" value=\"en\"\/><\/form>\n<\/div>\n\n<\/div>\n<\/div>\n<h2><\/h2>\n<h2>Pol\u00edtica de cancelaciones<\/h2>\n<p><strong>&#8211;\u00a0No se cobrar\u00e1 ning\u00fan tipo de recargo en cancelaciones totales o parciales por motivos de fuerza mayor y\/o cancelaciones realizadas con un plazo de 2 semanas antes de la fecha de la animaci\u00f3n devolvi\u00e9ndose la totalidad de la reserva. (No entran motivos clim\u00e1ticos, siempre aconsejamos tener un plan B en caso de hacerse la animaci\u00f3n en exterior)<\/strong><\/p>\n<p><strong>&#8211; En caso de cancelaci\u00f3n no se devolver\u00e1 la paga y se\u00f1al recibida<br \/>\n<\/strong><br \/>\n<strong>&#8211; En el caso haber contratado varios servicios y se cancela una parte del mismo se penalizar\u00e1 con un 35% del coste de los servicios cancelados.<br \/>\n<\/strong><\/p>","protected":false},"excerpt":{"rendered":"<p>Desde EEUU llega a ChipiChop animaciones Toni Stark con su armadura de IRON MAN<\/p>\n<p>Como sab\u00e9is le encanta organizar fiestas privadas y los \u00faltimos a\u00f1os se ha dedicado a ir de invitado especial a las mejores fiestas del mundo.<\/p>\n<p>Una impresionante introducci\u00f3n con la banda sonora de la peli abrir\u00e1 paso al show donde el protagonista de la fiesta se quedar\u00e1 boquiabierto\u00a0al percatarse que su super h\u00e9roe favorito ha ido a visitarle a su fiesta. \u00a1Y no s\u00f3lo eso! sino que adem\u00e1s cantar\u00e1n juntos el cumplea\u00f1os feliz y le repartir\u00e1 los regalos. Y si todav\u00eda sobra tiempo, IRON MAN\u00a0se encargar\u00e1 de realizar unos juegos musicales tematizados de entrenamiento con todos los asistentes de la fiesta.<\/p>\n<p>Finalmente, el personaje se despedir\u00e1 emotivamente despu\u00e9s de haber realizado una sesi\u00f3n de fotos con el protagonista y todos sus amigos y si, \u00a1con los pap\u00e1s tambi\u00e9n! para que jam\u00e1s olvidemos un d\u00eda tan especial.<\/p>\n<p><span style=\"text-decoration: underline;\">Podemos ofrecer una introducci\u00f3n m\u00e1s impactante con explosiones y efectos visuales bajo presupuesto.<\/span><\/p>\n<p>&nbsp;<\/p>","protected":false},"featured_media":2869,"template":"","meta":[],"product_cat":[50],"product_tag":[53],"class_list":{"0":"post-2868","1":"product","2":"type-product","3":"status-publish","4":"has-post-thumbnail","6":"product_cat-visitapersonajes","7":"product_tag-personajes","9":"first","10":"outofstock","11":"sale","12":"featured","13":"virtual","14":"purchasable","15":"product-type-simple"},"jetpack_sharing_enabled":true,"jetpack_likes_enabled":true,"_links":{"self":[{"href":"http:\/\/chipichop.com\/en\/wp-json\/wp\/v2\/product\/2868","targetHints":{"allow":["GET"]}}],"collection":[{"href":"http:\/\/chipichop.com\/en\/wp-json\/wp\/v2\/product"}],"about":[{"href":"http:\/\/chipichop.com\/en\/wp-json\/wp\/v2\/types\/product"}],"wp:featuredmedia":[{"embeddable":true,"href":"http:\/\/chipichop.com\/en\/wp-json\/wp\/v2\/media\/2869"}],"wp:attachment":[{"href":"http:\/\/chipichop.com\/en\/wp-json\/wp\/v2\/media?parent=2868"}],"wp:term":[{"taxonomy":"product_cat","embeddable":true,"href":"http:\/\/chipichop.com\/en\/wp-json\/wp\/v2\/product_cat?post=2868"},{"taxonomy":"product_tag","embeddable":true,"href":"http:\/\/chipichop.com\/en\/wp-json\/wp\/v2\/product_tag?post=2868"}],"curies":[{"name":"wp","href":"https:\/\/api.w.org\/{rel}","templated":true}]}}