{"id":2477,"date":"2016-11-17T02:24:47","date_gmt":"2016-11-17T02:24:47","guid":{"rendered":"http:\/\/animacionesinfantilesmallorca.com\/?post_type=product&#038;p=2477"},"modified":"2024-07-01T08:25:16","modified_gmt":"2024-07-01T08:25:16","slug":"visita-de-super-heroes","status":"publish","type":"product","link":"http:\/\/chipichop.com\/en\/product\/visita-de-super-heroes","title":{"rendered":"Visita de Super Heroes"},"content":{"rendered":"<p>Precio <strong>a partir de 100 \u20ac<\/strong><\/p>\n<p>Duraci\u00f3n: 45\u00a0minutos<\/p>\n<p>Espacio:\u00a0Es necesario que el espacio disponga de un sitio cercano a una zona privada donde el animador pueda realizar sus cambios tranquilamente (Ba\u00f1o, habitaci\u00f3n o similar)<br \/>\nRequisitos t\u00e9cnicos: Enchufe m\u00ednimo a 15 m. de distancia.<\/p>\n<h2>Detalles a tener en cuenta<\/h2>\n<p>&#8211; Todos nuestros servicios incluyen el desplazamiento en la capital de Palma. Para animaciones en un radio de 30 km se aplica un incremento de 20\u20ac. Para desplazamientos superiores a 30 km incrementar\u00e1 a 30 \u20ac.<\/p>\n<p>&#8211; Los fines de semana (Viernes, S\u00e1bados y Domingos) se aplicar\u00e1 un suplemento de 10 \u20ac por persona\/servicio y Festivos locales\/nacionales se aplicar\u00e1 un suplemento de 15 \u20ac por persona\/servicio.<\/p>\n<p>&#8211; Recuerde que las animaciones se adaptan seg\u00fan edades. Adem\u00e1s le ofrecemos consejo seg\u00fan nuestra experiencia con el fin de obtener el mejor resultado y una celebraci\u00f3n inolvidable.<\/p>\n<p>&#8211; Contamos con material de calidad. Es un requisito b\u00e1sico a la hora de trabajar, tanto en disfraces, pinturas, globos, accesorios de juego, equipo de audio, como nuestra imagen misma. As\u00ed pues no debe preocuparse por el material en el d\u00eda de su fiesta, tan solo de disfrutar y ver a los m\u00e1s peques disfrutar como nunca.<\/p>\n<div class=\"wp-block-cover has-background-dim\" style=\"background-image: url('http:\/\/chipichop.com\/wp-content\/uploads\/2021\/02\/Screen-Shot-2021-02-18-at-23.25.06.png'); background-position: 90% 4%;\">\n<div class=\"wp-block-cover__inner-container\">\n<h1 class=\"has-text-align-center\"><span class=\"has-inline-color\" style=\"color: #ffffff;\"><br \/>\n\u00bfNecesitas ayuda? Rellena este Formulario y nos pondremos en contacto lo antes posible<\/span><\/h1>\n<p>&nbsp;<\/p>\n\n<div class=\"wpcf7 no-js\" id=\"wpcf7-f1516-o1\" lang=\"en-US\" dir=\"ltr\" data-wpcf7-id=\"1516\">\n<div class=\"screen-reader-response\"><p role=\"status\" aria-live=\"polite\" aria-atomic=\"true\"><\/p> <ul><\/ul><\/div>\n<form action=\"\/en\/wp-json\/wp\/v2\/product\/2477#wpcf7-f1516-o1\" method=\"post\" class=\"wpcf7-form init\" aria-label=\"Contact form\" novalidate=\"novalidate\" data-status=\"init\" data-trp-original-action=\"\/en\/wp-json\/wp\/v2\/product\/2477#wpcf7-f1516-o1\">\n<fieldset class=\"hidden-fields-container\"><input type=\"hidden\" name=\"_wpcf7\" value=\"1516\" \/><input type=\"hidden\" name=\"_wpcf7_version\" value=\"6.1.4\" \/><input type=\"hidden\" name=\"_wpcf7_locale\" value=\"en_US\" \/><input type=\"hidden\" name=\"_wpcf7_unit_tag\" value=\"wpcf7-f1516-o1\" \/><input type=\"hidden\" name=\"_wpcf7_container_post\" value=\"0\" \/><input type=\"hidden\" name=\"_wpcf7_posted_data_hash\" value=\"\" \/>\n<\/fieldset>\n<div class=\"one-half\">\n\t<p><label><br \/>\n<\/label>\n\t<\/p>\n\t<h3><span class=\"has-inline-color\" style=\"color: #ffffff;\"><br \/>\nNombre<\/span>\n\t<\/h3>\n\t<p><span class=\"wpcf7-form-control-wrap\" data-name=\"nombre\"><input size=\"40\" maxlength=\"400\" class=\"wpcf7-form-control wpcf7-text\" id=\"nombre\" aria-invalid=\"false\" value=\"\" type=\"text\" name=\"nombre\" \/><\/span>\n\t<\/p>\n<\/div>\n<div class=\"one-half last\">\n\t<p><label><br \/>\n<\/label>\n\t<\/p>\n\t<h3><span class=\"has-inline-color\" style=\"color: #ffffff;\"><br \/>\nE-Mail<\/span>\n\t<\/h3>\n\t<p><span class=\"wpcf7-form-control-wrap\" data-name=\"email\"><input size=\"40\" maxlength=\"400\" class=\"wpcf7-form-control wpcf7-email wpcf7-text wpcf7-validates-as-email\" id=\"email\" aria-invalid=\"false\" value=\"\" type=\"email\" name=\"email\" \/><\/span>\n\t<\/p>\n<\/div>\n<div class=\"one-half\">\n\t<p><label><br \/>\n<\/label>\n\t<\/p>\n\t<h3><span class=\"has-inline-color\" style=\"color: #ffffff;\"><br \/>\nFecha de la celebraci\u00f3n<\/span>\n\t<\/h3>\n\t<p><span class=\"wpcf7-form-control-wrap\" data-name=\"fecha\"><input size=\"40\" maxlength=\"400\" class=\"wpcf7-form-control wpcf7-text\" id=\"fecha\" aria-invalid=\"false\" value=\"\" type=\"text\" name=\"fecha\" \/><\/span>\n\t<\/p>\n<\/div>\n<div class=\"one-half last\">\n\t<p><label><br \/>\n<\/label>\n\t<\/p>\n\t<h3><span class=\"has-inline-color\" style=\"color: #ffffff;\"><br \/>\nNumero de ni\u00f1os aprox<\/span>\n\t<\/h3>\n\t<p><span class=\"wpcf7-form-control-wrap\" data-name=\"asistentes\"><input size=\"40\" maxlength=\"400\" class=\"wpcf7-form-control wpcf7-text\" id=\"numeronios\" aria-invalid=\"false\" value=\"\" type=\"text\" name=\"asistentes\" \/><\/span>\n\t<\/p>\n<\/div>\n<div class=\"one-half\">\n\t<p><label><br \/>\n<\/label>\n\t<\/p>\n\t<h3><span class=\"has-inline-color\" style=\"color: #ffffff;\"><br \/>\nTelefono<\/span>\n\t<\/h3>\n\t<p><span class=\"wpcf7-form-control-wrap\" data-name=\"telefono\"><input size=\"40\" maxlength=\"400\" class=\"wpcf7-form-control wpcf7-tel wpcf7-text wpcf7-validates-as-tel\" id=\"telefono\" aria-invalid=\"false\" value=\"\" type=\"tel\" name=\"telefono\" \/><\/span>\n\t<\/p>\n<\/div>\n<div class=\"one-half last\">\n\t<p><label><br \/>\n<\/label>\n\t<\/p>\n\t<h3><span class=\"has-inline-color\" style=\"color: #ffffff;\"><br \/>\nMunicipio<\/span>\n\t<\/h3>\n\t<p><span class=\"wpcf7-form-control-wrap\" data-name=\"municipio\"><input size=\"40\" maxlength=\"400\" class=\"wpcf7-form-control wpcf7-text\" id=\"municipio\" aria-invalid=\"false\" value=\"Municipio\" type=\"text\" name=\"municipio\" \/><\/span>\n\t<\/p>\n<\/div>\n<p><label> <\/label>\n<\/p>\n<h3><span class=\"has-inline-color\" style=\"color: #ffffff;\"><br \/>\nPreguntas, detalles, etc.<\/span>\n<\/h3>\n<p><span class=\"wpcf7-form-control-wrap\" data-name=\"mensaje\"><textarea cols=\"40\" rows=\"10\" maxlength=\"2000\" class=\"wpcf7-form-control wpcf7-textarea\" id=\"detalles\" aria-invalid=\"false\" name=\"mensaje\"><\/textarea><\/span>\n<\/p>\n<p>Tratamos sus datos con respeto y con el fin de respetar la nueva ley de protecci\u00f3n de datos solicito su autorizaci\u00f3n para ofrecerle informaci\u00f3n de productos y servicios relacionados con los solicitados en este formulario y fidelizarle como cliente. <span class=\"wpcf7-form-control-wrap\" data-name=\"checkbox-001\"><span class=\"wpcf7-form-control wpcf7-checkbox\"><span class=\"wpcf7-list-item first\"><input type=\"checkbox\" name=\"checkbox-001[]\" value=\"Si\" \/><span class=\"wpcf7-list-item-label\">Si<\/span><\/span><span class=\"wpcf7-list-item last\"><input type=\"checkbox\" name=\"checkbox-001[]\" value=\"No\" \/><span class=\"wpcf7-list-item-label\">No<\/span><\/span><\/span><\/span>Enviando este formulario aceptas haber le\u00eddo nuestra <a href=\"http:\/\/chipichop.com\/en\/aviso-legal-y-politica-de-privacidad\/\" target=\"_blank\">Pol\u00edtica de privacidad.<\/a>\n<\/p>\n<p><input class=\"wpcf7-form-control wpcf7-submit has-spinner\" id=\"enviar\" type=\"submit\" value=\"ENVIAR\" \/>\n<\/p><p style=\"display: none !important;\" class=\"akismet-fields-container\" data-prefix=\"_wpcf7_ak_\"><label>&#916;<textarea name=\"_wpcf7_ak_hp_textarea\" cols=\"45\" rows=\"8\" maxlength=\"100\"><\/textarea><\/label><input type=\"hidden\" id=\"ak_js_1\" name=\"_wpcf7_ak_js\" value=\"41\"\/><script>document.getElementById( \"ak_js_1\" ).setAttribute( \"value\", ( new Date() ).getTime() );<\/script><\/p><div class=\"wpcf7-response-output\" aria-hidden=\"true\"><\/div>\n<input type=\"hidden\" name=\"trp-form-language\" value=\"en\"\/><\/form>\n<\/div>\n\n<\/div>\n<\/div>\n<h2><\/h2>\n<h2>Pol\u00edtica de cancelaciones<\/h2>\n<p><strong>&#8211;\u00a0No se cobrar\u00e1 ning\u00fan tipo de recargo en cancelaciones totales o parciales por motivos de fuerza mayor y\/o cancelaciones realizadas con un plazo de 2 semanas antes de la fecha de la animaci\u00f3n devolvi\u00e9ndose la totalidad de la reserva. (No entran motivos clim\u00e1ticos, siempre aconsejamos tener un plan B en caso de hacerse la animaci\u00f3n en exterior)<\/strong><\/p>\n<p><strong>&#8211; En caso de cancelaci\u00f3n no se devolver\u00e1 la paga y se\u00f1al recibida<br \/>\n<\/strong><br \/>\n<strong>&#8211; En el caso haber contratado varios servicios y se cancela una parte del mismo se penalizar\u00e1 con un 35% del coste de los servicios cancelados.<\/strong><\/p>","protected":false},"excerpt":{"rendered":"<p>Los super h\u00e9roes han llegado a ChipiChop animaciones.<br \/>\nHa llegado el momento de impresionar a tu peque con la visita de personajes. Su SuperHeroe o Superherohina favorito: \u00a1Batman, WonderWoman, Spiderman, Capitana Marvel y Capit\u00e1n America! Ah! y reci\u00e9n llegado de Estados Unidos, el traje original y mecanizado electr\u00f3nicamente de IRON MAN!<\/p>\n<p>Una impresionante introducci\u00f3n con la banda sonora del personaje abrir\u00e1 paso al show donde el protagonista de la fiesta se sentir\u00e1 sorprendid\u00edsimo\u00a0al percatarse que su super h\u00e9roe favorito ha ido a visitarle a su fiesta. \u00a1Y no s\u00f3lo eso! sino que adem\u00e1s cantar\u00e1n juntos el cumplea\u00f1os feliz y le repartir\u00e1 los regalos. Y si todav\u00eda sobra tiempo, el super h\u00e9roe se encargar\u00e1 de realizar unos juegos musicales de entrenamiento con todos los asistentes de la fiesta.<\/p>\n<p>Finalmente, el personaje se despedir\u00e1 emotivamente despu\u00e9s de haber realizado una sesi\u00f3n de fotos con el protagonista y todos sus amigos para que jam\u00e1s quede en el olvido.<\/p>\n<p>&nbsp;<\/p>","protected":false},"featured_media":2534,"template":"","meta":[],"product_cat":[48,50],"product_tag":[102,104,107,103,101,105,106,53,100,90],"class_list":{"0":"post-2477","1":"product","2":"type-product","3":"status-publish","4":"has-post-thumbnail","6":"product_cat-animacion","7":"product_cat-visitapersonajes","8":"product_tag-batman","9":"product_tag-capitan-america","10":"product_tag-dc","11":"product_tag-flash","12":"product_tag-iron-spider","13":"product_tag-los-vengadores","14":"product_tag-marvel","15":"product_tag-personajes","16":"product_tag-spiderman","17":"product_tag-superheroes","19":"first","20":"outofstock","21":"featured","22":"virtual","23":"purchasable","24":"product-type-simple"},"jetpack_sharing_enabled":true,"jetpack_likes_enabled":true,"_links":{"self":[{"href":"http:\/\/chipichop.com\/en\/wp-json\/wp\/v2\/product\/2477","targetHints":{"allow":["GET"]}}],"collection":[{"href":"http:\/\/chipichop.com\/en\/wp-json\/wp\/v2\/product"}],"about":[{"href":"http:\/\/chipichop.com\/en\/wp-json\/wp\/v2\/types\/product"}],"wp:featuredmedia":[{"embeddable":true,"href":"http:\/\/chipichop.com\/en\/wp-json\/wp\/v2\/media\/2534"}],"wp:attachment":[{"href":"http:\/\/chipichop.com\/en\/wp-json\/wp\/v2\/media?parent=2477"}],"wp:term":[{"taxonomy":"product_cat","embeddable":true,"href":"http:\/\/chipichop.com\/en\/wp-json\/wp\/v2\/product_cat?post=2477"},{"taxonomy":"product_tag","embeddable":true,"href":"http:\/\/chipichop.com\/en\/wp-json\/wp\/v2\/product_tag?post=2477"}],"curies":[{"name":"wp","href":"https:\/\/api.w.org\/{rel}","templated":true}]}}