{"id":74,"date":"2014-12-11T06:22:42","date_gmt":"2014-12-11T06:22:42","guid":{"rendered":"http:\/\/dummy.wedesignthemes.com\/kidslife\/?page_id=74"},"modified":"2021-02-18T17:02:17","modified_gmt":"2021-02-18T17:02:17","slug":"about","status":"publish","type":"page","link":"http:\/\/chipichop.com\/en\/about","title":{"rendered":"Sobre nosotros"},"content":{"rendered":"<p>[dt_sc_fullwidth_section first]<\/p>\n<h2 style=\"text-align: justify;\">Nuestra pasi\u00f3n, nuestro trabajo.<\/h2>\n<p style=\"text-align: justify;\">Realmente nos consideramos unos priviliegiados. Si, cada d\u00eda que pasa y terminamos una animaci\u00f3n sentimos una satisfacci\u00f3n incomparable. Arrancar sonrisas de los m\u00e1s peques se va convirtiendo d\u00eda a d\u00eda en nuestro pan de cada d\u00eda. Desde hace m\u00e1s de 10 a\u00f1os nos dedicados al mundo de los espect\u00e1culos a diferentes niveles (teatro, danza, cine, m\u00fasica&#8230;). Poco a poco puliendo nuestras actuaciones para satisfacer al p\u00fablico m\u00e1s exigente: Los peques. Sinceros, terrenales, apasionados y leales son el p\u00fablico m\u00e1s exigente pero a la vez m\u00e1s agradecido. Y nuestra mejor propina cada d\u00eda son sus sonrisas y abrazos de despedida cuando tenemos que partir de sus fiestas de cumplea\u00f1os, comuniones, etc.<\/p>\n<p>[dt_sc_hr_invisible \/][dt_sc_h2 type=&#8221;type1&#8243; class=&#8221;&#8221;]Nuestro Equipo[\/dt_sc_h2][dt_sc_one_half first]<\/p>\n<p>[dt_sc_team name=&#8221;Jos\u00e9 D\u00edaz&#8221; role=&#8221;&#8221;A veces siento que mi trabajo no es mi trabajo, sino un par\u00e9ntesis en este acelerado mundo donde la vida simplemente cobra sentido.&#8221;&#8221; image=&#8221;wp-content\/uploads\/2016\/11\/IMG-20160611-WA0018-e1479357523782.jpg&#8221; &nbsp;facebook=&#8221;http:\/\/www.facebook.com\/chipichopanimaciones&#8221; link=&#8221;info@chipichop.com&#8221; ]<\/p>\n<p>Hola! Soy media parte de ChipiChop Animaciones. Animador, encargado del contenido y dise\u00f1o web, persona de contacto y al que le encanta conversar con los papis y mamis con tal de encontrar la mejor soluci\u00f3n para un d\u00eda tan especial. El futuro depende de los peque\u00f1os de hoy y es nuestra responsabilidad ofrecer felices experiencias. Estas felices experiencias formar\u00e1n parte de su vida y esta responsabilidad la tomamos muy en serio. Para mi no es solamente un &#8220;d\u00eda especial&#8221;, para ChipiChop es la oportunidad de que perdure una experiencia \u00fanica.<\/p>\n<p>\u00a1Gracias!<\/p>\n<p>[\/dt_sc_team]<\/p>\n<p>[\/dt_sc_one_half][dt_sc_one_half ]<\/p>\n<p>[dt_sc_team name=&#8221;Eva Moral&#8221; role=&#8221;Creatividad en estado puro. Artista multidisciplina. Alegre y sensible&#8221; image=&#8221;http:\/\/chipichop.com\/wp-content\/uploads\/2016\/11\/eva.jpg&#8221; &nbsp;facebook=&#8221;chipichopanimaciones&#8221; email=&#8221;evelyn.moral@hotmail.es&#8221; ]<\/p>\n<p>Mis a\u00f1os de experiencia en las artes esc\u00e9nicas, teatros, salas de baile y de espect\u00e1culos; core\u00f3grafa de artistas de renombre internacional, bailarina profesional y acr\u00f3bata me han dado los ingredientes perfectos para transportar todo hacia el mundo de las maravillosas visitas de personajes y animaciones en ChipiChop.<\/p>\n<p>Toda la ilusi\u00f3n y atenci\u00f3n puesta en cada movimiento y sonrisa hace que los ni\u00f1os reciban un mar de sensaciones que intentaremos queden en su recuerdo para siempre.<\/p>\n<p>\u00a1Me encanta mi trabajo!\u00bfSe nota no? \ud83d\ude00<\/p>\n<p>[\/dt_sc_team]<\/p>\n<p>[\/dt_sc_one_half][dt_sc_testimonial_carousel]<\/p>\n<h2>Testimonios de Padres y clientes<\/h2>\n<ul>\n<li>[dt_sc_testimonial name=&#8221;Jose Luis&#8221; role=&#8221;Padre Arturo&#8221; rating=&#8221;5&#8243;]Mucha profesionalidad desde el principio, la verdad que estaba bastante perdido a la hora de planear un cumplea\u00f1os diferente a mi hijo y su sexto cumplea\u00f1os se transform\u00f3 en un d\u00eda inolvidable gracias a vosotros. \u00a1Muchas gracias de verdad![\/dt_sc_testimonial]<\/li>\n<li>[dt_sc_testimonial name=&#8221;Anna&#8221; role=&#8221;Mama de Bianca&#8221; rating=&#8221;5&#8243;]Mucha profesionalidad desde el principio, la verdad que estaba bastante perdido a la hora de planear un cumplea\u00f1os diferente a mi hijo y su sexto cumplea\u00f1os se transform\u00f3 en un d\u00eda inolvidable gracias a vosotros. Muchas gracias de verdad![\/dt_sc_testimonial]<\/li>\n<li>[dt_sc_testimonial name=&#8221;Bernat&#8221; role=&#8221;Papa de Francesc (Inca)&#8221; rating=&#8221;5&#8243;]\u00a1Que energ\u00eda! Ten\u00e9is un aguante y una energ\u00eda fuera de lo normal. Reconozco que mi hijo es complicado pero la verdad que me sorprendi\u00f3 la facilidad de llevaroslo a vuestro terreno, gracias![\/dt_sc_testimonial]<\/li>\n<\/ul>\n<p>[\/dt_sc_testimonial_carousel][dt_sc_hr_medium \/]<\/p>\n<h2 style=\"text-align: center;\"><strong>\u00bfNecesitas ayuda? Rellena este formulario o llama al 688 912 265 y nos pondremos en contacto.<\/strong><\/h2>\n\n<div class=\"wpcf7 no-js\" id=\"wpcf7-f1516-o1\" lang=\"en-US\" dir=\"ltr\" data-wpcf7-id=\"1516\">\n<div class=\"screen-reader-response\"><p role=\"status\" aria-live=\"polite\" aria-atomic=\"true\"><\/p> <ul><\/ul><\/div>\n<form action=\"\/en\/wp-json\/wp\/v2\/pages\/74#wpcf7-f1516-o1\" method=\"post\" class=\"wpcf7-form init\" aria-label=\"Contact form\" novalidate=\"novalidate\" data-status=\"init\" data-trp-original-action=\"\/en\/wp-json\/wp\/v2\/pages\/74#wpcf7-f1516-o1\">\n<fieldset class=\"hidden-fields-container\"><input type=\"hidden\" name=\"_wpcf7\" value=\"1516\" \/><input type=\"hidden\" name=\"_wpcf7_version\" value=\"6.1.4\" \/><input type=\"hidden\" name=\"_wpcf7_locale\" value=\"en_US\" \/><input type=\"hidden\" name=\"_wpcf7_unit_tag\" value=\"wpcf7-f1516-o1\" \/><input type=\"hidden\" name=\"_wpcf7_container_post\" value=\"0\" \/><input type=\"hidden\" name=\"_wpcf7_posted_data_hash\" value=\"\" \/>\n<\/fieldset>\n<div class=\"one-half\">\n\t<p><label><br \/>\n<\/label>\n\t<\/p>\n\t<h3><span class=\"has-inline-color\" style=\"color: #ffffff;\"><br \/>\nNombre<\/span>\n\t<\/h3>\n\t<p><span class=\"wpcf7-form-control-wrap\" data-name=\"nombre\"><input size=\"40\" maxlength=\"400\" class=\"wpcf7-form-control wpcf7-text\" id=\"nombre\" aria-invalid=\"false\" value=\"\" type=\"text\" name=\"nombre\" \/><\/span>\n\t<\/p>\n<\/div>\n<div class=\"one-half last\">\n\t<p><label><br \/>\n<\/label>\n\t<\/p>\n\t<h3><span class=\"has-inline-color\" style=\"color: #ffffff;\"><br \/>\nE-Mail<\/span>\n\t<\/h3>\n\t<p><span class=\"wpcf7-form-control-wrap\" data-name=\"email\"><input size=\"40\" maxlength=\"400\" class=\"wpcf7-form-control wpcf7-email wpcf7-text wpcf7-validates-as-email\" id=\"email\" aria-invalid=\"false\" value=\"\" type=\"email\" name=\"email\" \/><\/span>\n\t<\/p>\n<\/div>\n<div class=\"one-half\">\n\t<p><label><br \/>\n<\/label>\n\t<\/p>\n\t<h3><span class=\"has-inline-color\" style=\"color: #ffffff;\"><br \/>\nFecha de la celebraci\u00f3n<\/span>\n\t<\/h3>\n\t<p><span class=\"wpcf7-form-control-wrap\" data-name=\"fecha\"><input size=\"40\" maxlength=\"400\" class=\"wpcf7-form-control wpcf7-text\" id=\"fecha\" aria-invalid=\"false\" value=\"\" type=\"text\" name=\"fecha\" \/><\/span>\n\t<\/p>\n<\/div>\n<div class=\"one-half last\">\n\t<p><label><br \/>\n<\/label>\n\t<\/p>\n\t<h3><span class=\"has-inline-color\" style=\"color: #ffffff;\"><br \/>\nNumero de ni\u00f1os aprox<\/span>\n\t<\/h3>\n\t<p><span class=\"wpcf7-form-control-wrap\" data-name=\"asistentes\"><input size=\"40\" maxlength=\"400\" class=\"wpcf7-form-control wpcf7-text\" id=\"numeronios\" aria-invalid=\"false\" value=\"\" type=\"text\" name=\"asistentes\" \/><\/span>\n\t<\/p>\n<\/div>\n<div class=\"one-half\">\n\t<p><label><br \/>\n<\/label>\n\t<\/p>\n\t<h3><span class=\"has-inline-color\" style=\"color: #ffffff;\"><br \/>\nTelefono<\/span>\n\t<\/h3>\n\t<p><span class=\"wpcf7-form-control-wrap\" data-name=\"telefono\"><input size=\"40\" maxlength=\"400\" class=\"wpcf7-form-control wpcf7-tel wpcf7-text wpcf7-validates-as-tel\" id=\"telefono\" aria-invalid=\"false\" value=\"\" type=\"tel\" name=\"telefono\" \/><\/span>\n\t<\/p>\n<\/div>\n<div class=\"one-half last\">\n\t<p><label><br \/>\n<\/label>\n\t<\/p>\n\t<h3><span class=\"has-inline-color\" style=\"color: #ffffff;\"><br \/>\nMunicipio<\/span>\n\t<\/h3>\n\t<p><span class=\"wpcf7-form-control-wrap\" data-name=\"municipio\"><input size=\"40\" maxlength=\"400\" class=\"wpcf7-form-control wpcf7-text\" id=\"municipio\" aria-invalid=\"false\" value=\"Municipio\" type=\"text\" name=\"municipio\" \/><\/span>\n\t<\/p>\n<\/div>\n<p><label> <\/label>\n<\/p>\n<h3><span class=\"has-inline-color\" style=\"color: #ffffff;\"><br \/>\nPreguntas, detalles, etc.<\/span>\n<\/h3>\n<p><span class=\"wpcf7-form-control-wrap\" data-name=\"mensaje\"><textarea cols=\"40\" rows=\"10\" maxlength=\"2000\" class=\"wpcf7-form-control wpcf7-textarea\" id=\"detalles\" aria-invalid=\"false\" name=\"mensaje\"><\/textarea><\/span>\n<\/p>\n<p>Tratamos sus datos con respeto y con el fin de respetar la nueva ley de protecci\u00f3n de datos solicito su autorizaci\u00f3n para ofrecerle informaci\u00f3n de productos y servicios relacionados con los solicitados en este formulario y fidelizarle como cliente. <span class=\"wpcf7-form-control-wrap\" data-name=\"checkbox-001\"><span class=\"wpcf7-form-control wpcf7-checkbox\"><span class=\"wpcf7-list-item first\"><input type=\"checkbox\" name=\"checkbox-001[]\" value=\"Si\" \/><span class=\"wpcf7-list-item-label\">Si<\/span><\/span><span class=\"wpcf7-list-item last\"><input type=\"checkbox\" name=\"checkbox-001[]\" value=\"No\" \/><span class=\"wpcf7-list-item-label\">No<\/span><\/span><\/span><\/span>Enviando este formulario aceptas haber le\u00eddo nuestra <a href=\"http:\/\/chipichop.com\/en\/aviso-legal-y-politica-de-privacidad\/\" target=\"_blank\">Pol\u00edtica de privacidad.<\/a>\n<\/p>\n<p><input class=\"wpcf7-form-control wpcf7-submit has-spinner\" id=\"enviar\" type=\"submit\" value=\"ENVIAR\" \/>\n<\/p><p style=\"display: none !important;\" class=\"akismet-fields-container\" data-prefix=\"_wpcf7_ak_\"><label>&#916;<textarea name=\"_wpcf7_ak_hp_textarea\" cols=\"45\" rows=\"8\" maxlength=\"100\"><\/textarea><\/label><input type=\"hidden\" id=\"ak_js_1\" name=\"_wpcf7_ak_js\" value=\"110\"\/><script>document.getElementById( \"ak_js_1\" ).setAttribute( \"value\", ( new Date() ).getTime() );<\/script><\/p><div class=\"wpcf7-response-output\" aria-hidden=\"true\"><\/div>\n<input type=\"hidden\" name=\"trp-form-language\" value=\"en\"\/><\/form>\n<\/div>\n\n<p>[\/dt_sc_fullwidth_section]<\/p>","protected":false},"excerpt":{"rendered":"<p>[dt_sc_fullwidth_section first] Nuestra pasi\u00f3n, nuestro trabajo. Realmente nos consideramos unos priviliegiados. Si, cada d\u00eda que pasa y terminamos una animaci\u00f3n sentimos una satisfacci\u00f3n incomparable. Arrancar sonrisas de los m\u00e1s peques se va convirtiendo d\u00eda a d\u00eda en nuestro pan de cada d\u00eda. Desde hace m\u00e1s de 10 a\u00f1os nos dedicados al mundo de los espect\u00e1culos [&hellip;]<\/p>","protected":false},"author":1,"featured_media":0,"parent":0,"menu_order":0,"comment_status":"open","ping_status":"open","template":"","meta":{"footnotes":""},"class_list":["post-74","page","type-page","status-publish","hentry"],"jetpack_sharing_enabled":true,"jetpack_likes_enabled":true,"_links":{"self":[{"href":"http:\/\/chipichop.com\/en\/wp-json\/wp\/v2\/pages\/74","targetHints":{"allow":["GET"]}}],"collection":[{"href":"http:\/\/chipichop.com\/en\/wp-json\/wp\/v2\/pages"}],"about":[{"href":"http:\/\/chipichop.com\/en\/wp-json\/wp\/v2\/types\/page"}],"author":[{"embeddable":true,"href":"http:\/\/chipichop.com\/en\/wp-json\/wp\/v2\/users\/1"}],"replies":[{"embeddable":true,"href":"http:\/\/chipichop.com\/en\/wp-json\/wp\/v2\/comments?post=74"}],"version-history":[{"count":53,"href":"http:\/\/chipichop.com\/en\/wp-json\/wp\/v2\/pages\/74\/revisions"}],"predecessor-version":[{"id":4274,"href":"http:\/\/chipichop.com\/en\/wp-json\/wp\/v2\/pages\/74\/revisions\/4274"}],"wp:attachment":[{"href":"http:\/\/chipichop.com\/en\/wp-json\/wp\/v2\/media?parent=74"}],"curies":[{"name":"wp","href":"https:\/\/api.w.org\/{rel}","templated":true}]}}