{"id":3054,"date":"2017-10-13T09:33:21","date_gmt":"2017-10-13T09:33:21","guid":{"rendered":"http:\/\/chipichop.com\/?page_id=3054"},"modified":"2017-10-13T10:15:03","modified_gmt":"2017-10-13T10:15:03","slug":"halloween","status":"publish","type":"page","link":"http:\/\/chipichop.com\/en\/halloween","title":{"rendered":"Concurso y diver-terror\u00edfico Halloween en Fan Mallorca!"},"content":{"rendered":"<p>[dt_sc_two_third id=&#8221;column_data&#8221; type=&#8221;type1&#8243; first]<iframe loading=\"lazy\" width=\"853\" height=\"480\" src=\"https:\/\/www.youtube.com\/embed\/FvkFGpQDquI?rel=0&amp;controls=0&amp;showinfo=0\" frameborder=\"0\" allowfullscreen=\"\"><\/iframe>[\/dt_sc_two_third][dt_sc_one_third ][dt_sc_class_hours title=&#8221;Programaci\u00f3n&#8221;]<\/p>\n<p>[dt_sc_class_hour day=&#8221;Horario de inscripciones&#8221; time=&#8221;17:00h &#8211; 18:30h&#8221;]<br \/>\n[dt_sc_class_hour day=&#8221;Comienzo de show y talleres&#8221; time=&#8221;17:30h &#8211; 18:30h&#8221;]<br \/>\n[dt_sc_class_hour day=&#8221;Sesi\u00f3n de fotos con personajes&#8221; time=&#8221;18:30h &#8211; 19:00h&#8221;]<br \/>\n[dt_sc_class_hour day=&#8221;Concurso de disfraces&#8221; time=&#8221;19:00h &#8211; 20:00h&#8221;]<br \/>\n[dt_sc_class_hour day=&#8221;Entrega de premios y despedida&#8221; time=&#8221;20:00h &#8211; 20:30h&#8221;]<br \/>\n[dt_sc_class_hour day=&#8221;Pintacaras Halloween&#8221; time=&#8221;18:00h &#8211; 20:00h&#8221;]<\/p>\n<p>[\/dt_sc_class_hours][\/dt_sc_one_third][dt_sc_full_width first]<\/p>\n<p>&nbsp;<\/p>\n<p style=\"text-align: center;\"><strong>Este Martes 31 de Octubre tenemos much\u00edsimas sorpresas preparadas para el disfrute de todas las familias y peques. \u00a1Talleres, shows, animaci\u00f3n y un divertid\u00edsimo concurso de disfraces!<\/strong><\/p>\n<p>A partir de las 17:00h abriremos las inscripciones para el concurso de disfraces.<\/p>\n<p>Contaremos con la presencia de los MegaKidz. Cuarenta bailarines profesionales que nos deleitar\u00e1n con un incre\u00edble show. Personajes Diver-Terror\u00edficos que interactuar\u00e1n con los presentes, photocall viviente, un taller para los m\u00e1s peques y un concurso de disfraces de lo m\u00e1s divertido con varios premios.<\/p>\n<p>Os esperamos!!<\/p>\n<p>&nbsp;<\/p>\n<p><strong>Bases del concurso:<\/strong><\/p>\n<p><em>&#8211; Las inscripciones de los participantes se podr\u00e1n realizar en el mismo centro comercial junto al escenario de 17:00h a 18:30h. A partir de las 18:30h ya no se podr\u00e1 apuntar ning\u00fan participante.<\/em><\/p>\n<p><em>&#8211; Los participantes se pueden presentar por grupos o individuales. <\/em><\/p>\n<p><em>&#8211; Habr\u00e1 tres premios clasificados de la siguiente manera:<\/em><\/p>\n<p><em>&nbsp; &nbsp; &nbsp;&#8211; Premio al disfraz m\u00e1s elaborado: se valorar\u00e1 principalmente la elaboraci\u00f3n m\u00e1s creativa y artesana.<\/em><\/p>\n<p><em>&nbsp; &nbsp; &nbsp;&#8211; Premio al disfraz m\u00e1s terror\u00edfico: se valorar\u00e1 el disfraz m\u00e1s realista y que m\u00e1s miedo transmita a los espectadores.<\/em><\/p>\n<p><em>&nbsp; &nbsp; &nbsp;&#8211; Premio al disfraz m\u00e1s divertido: se valorar\u00e1 la chispa original y divertida dentro de la tem\u00e1tica de Halloween.<\/em><\/p>\n<p><em>&#8211; El concurso empezar\u00e1 a las 19:00 hasta las 20:30<\/em><\/p>\n<p><em>&#8211; La selecci\u00f3n del premio a la categor\u00eda se realizar\u00e1 por sorteo mediante una mano inocente.<\/em><\/p>\n<p>&nbsp;<\/p>\n<p><strong>Premios<\/strong><\/p>\n<p>&#8211; Vale de 50 \u20ac en compras en FAN MALLORCA<\/p>\n<p>&#8211; 10 Entradas de cine ARTE7<\/p>\n<p>&#8211; Cesta Merchandising FAN MALLORCA<\/p>\n<p>[\/dt_sc_full_width]<\/p>","protected":false},"excerpt":{"rendered":"<p>[dt_sc_two_third id=&#8221;column_data&#8221; type=&#8221;type1&#8243; first][\/dt_sc_two_third][dt_sc_one_third ][dt_sc_class_hours title=&#8221;Programaci\u00f3n&#8221;] [dt_sc_class_hour day=&#8221;Horario de inscripciones&#8221; time=&#8221;17:00h &#8211; 18:30h&#8221;] [dt_sc_class_hour day=&#8221;Comienzo de show y talleres&#8221; time=&#8221;17:30h &#8211; 18:30h&#8221;] [dt_sc_class_hour day=&#8221;Sesi\u00f3n de fotos con personajes&#8221; time=&#8221;18:30h &#8211; 19:00h&#8221;] [dt_sc_class_hour day=&#8221;Concurso de disfraces&#8221; time=&#8221;19:00h &#8211; 20:00h&#8221;] [dt_sc_class_hour day=&#8221;Entrega de premios y despedida&#8221; time=&#8221;20:00h &#8211; 20:30h&#8221;] [dt_sc_class_hour day=&#8221;Pintacaras Halloween&#8221; time=&#8221;18:00h &#8211; 20:00h&#8221;] [\/dt_sc_class_hours][\/dt_sc_one_third][dt_sc_full_width first] [&hellip;]<\/p>","protected":false},"author":1,"featured_media":0,"parent":0,"menu_order":0,"comment_status":"closed","ping_status":"closed","template":"","meta":{"footnotes":""},"class_list":["post-3054","page","type-page","status-publish","hentry"],"jetpack_sharing_enabled":true,"jetpack_likes_enabled":true,"_links":{"self":[{"href":"http:\/\/chipichop.com\/en\/wp-json\/wp\/v2\/pages\/3054","targetHints":{"allow":["GET"]}}],"collection":[{"href":"http:\/\/chipichop.com\/en\/wp-json\/wp\/v2\/pages"}],"about":[{"href":"http:\/\/chipichop.com\/en\/wp-json\/wp\/v2\/types\/page"}],"author":[{"embeddable":true,"href":"http:\/\/chipichop.com\/en\/wp-json\/wp\/v2\/users\/1"}],"replies":[{"embeddable":true,"href":"http:\/\/chipichop.com\/en\/wp-json\/wp\/v2\/comments?post=3054"}],"version-history":[{"count":34,"href":"http:\/\/chipichop.com\/en\/wp-json\/wp\/v2\/pages\/3054\/revisions"}],"predecessor-version":[{"id":3089,"href":"http:\/\/chipichop.com\/en\/wp-json\/wp\/v2\/pages\/3054\/revisions\/3089"}],"wp:attachment":[{"href":"http:\/\/chipichop.com\/en\/wp-json\/wp\/v2\/media?parent=3054"}],"curies":[{"name":"wp","href":"https:\/\/api.w.org\/{rel}","templated":true}]}}