{"id":3030,"date":"2017-10-03T09:15:12","date_gmt":"2017-10-03T09:15:12","guid":{"rendered":"http:\/\/chipichop.com\/?page_id=3030"},"modified":"2017-10-13T09:09:44","modified_gmt":"2017-10-13T09:09:44","slug":"fan-mily-karaoke","status":"publish","type":"page","link":"http:\/\/chipichop.com\/en\/fan-mily-karaoke","title":{"rendered":"FAN-Mily Karaoke"},"content":{"rendered":"<p>[vc_row css=&#8221;.vc_custom_1507023088163{margin-top: 0px !important;border-top-width: 0px !important;padding-top: 0px !important;}&#8221;][vc_column][vc_single_image image=&#8221;3034&#8243; img_size=&#8221;1500&#215;450&#8243; alignment=&#8221;center&#8221; css=&#8221;.vc_custom_1507023071333{margin-top: 0px !important;border-top-width: 0px !important;padding-top: 0px !important;}&#8221;][\/vc_column][\/vc_row][vc_row][vc_column][vc_column_text]Este s\u00e1bado 7 de octubre en FAN Mallorca Shopping lo vamos a pasar \u00a1GENIAL! Necesitamos familias con ganas de divertirse y subir al escenario para cantar juntos vuestras canciones favoritas. Adem\u00e1s vamos a contar con la visita de una persona muy especial durante el evento #FANKids: \u00a1<strong>Sara de La Voz Kids!<\/strong> La joven cantante ser\u00e1 el plato fuerte de este evento dedicado a todas las familias y sus peques. \u00a1Ella os acompa\u00f1ar\u00e1 mientras cant\u00e9is vuestras canciones favoritas!<\/p>\n<p>\u00a1Pod\u00e9is rellenar el siguiente formulario para participar en este divertido Karaoke!\u00a1Apuntaos a una tarde de diversi\u00f3n para toda la familia!\u00a1Os esperamos!<\/p>\n<p>Tambi\u00e9n pod\u00e9is enviarnos vuestro divertido nombre de &#8220;Familia&#8221; y 3 canciones favoritas por whatsapp al <strong>688 912 265.\u00a0<\/strong>[\/vc_column_text][\/vc_column][\/vc_row][vc_row][vc_column][vc_single_image image=&#8221;3049&#8243; img_size=&#8221;full&#8221; alignment=&#8221;center&#8221;][\/vc_column][\/vc_row]<\/p>","protected":false},"excerpt":{"rendered":"<p>[vc_row css=&#8221;.vc_custom_1507023088163{margin-top: 0px !important;border-top-width: 0px !important;padding-top: 0px !important;}&#8221;][vc_column][vc_single_image image=&#8221;3034&#8243; img_size=&#8221;1500&#215;450&#8243; alignment=&#8221;center&#8221; css=&#8221;.vc_custom_1507023071333{margin-top: 0px !important;border-top-width: 0px !important;padding-top: 0px !important;}&#8221;][\/vc_column][\/vc_row][vc_row][vc_column][vc_column_text]Este s\u00e1bado 7 de octubre en FAN Mallorca Shopping lo vamos a pasar \u00a1GENIAL! Necesitamos familias con ganas de divertirse y subir al escenario para cantar juntos vuestras canciones favoritas. Adem\u00e1s vamos a contar con la visita de [&hellip;]<\/p>","protected":false},"author":1,"featured_media":3034,"parent":0,"menu_order":0,"comment_status":"closed","ping_status":"closed","template":"","meta":{"footnotes":""},"class_list":["post-3030","page","type-page","status-publish","has-post-thumbnail","hentry"],"jetpack_sharing_enabled":true,"jetpack_likes_enabled":true,"_links":{"self":[{"href":"http:\/\/chipichop.com\/en\/wp-json\/wp\/v2\/pages\/3030","targetHints":{"allow":["GET"]}}],"collection":[{"href":"http:\/\/chipichop.com\/en\/wp-json\/wp\/v2\/pages"}],"about":[{"href":"http:\/\/chipichop.com\/en\/wp-json\/wp\/v2\/types\/page"}],"author":[{"embeddable":true,"href":"http:\/\/chipichop.com\/en\/wp-json\/wp\/v2\/users\/1"}],"replies":[{"embeddable":true,"href":"http:\/\/chipichop.com\/en\/wp-json\/wp\/v2\/comments?post=3030"}],"version-history":[{"count":19,"href":"http:\/\/chipichop.com\/en\/wp-json\/wp\/v2\/pages\/3030\/revisions"}],"predecessor-version":[{"id":3053,"href":"http:\/\/chipichop.com\/en\/wp-json\/wp\/v2\/pages\/3030\/revisions\/3053"}],"wp:featuredmedia":[{"embeddable":true,"href":"http:\/\/chipichop.com\/en\/wp-json\/wp\/v2\/media\/3034"}],"wp:attachment":[{"href":"http:\/\/chipichop.com\/en\/wp-json\/wp\/v2\/media?parent=3030"}],"curies":[{"name":"wp","href":"https:\/\/api.w.org\/{rel}","templated":true}]}}